{"id":129,"date":"2024-08-15T13:06:37","date_gmt":"2024-08-15T13:06:37","guid":{"rendered":"https:\/\/test.jeker.eu\/?page_id=129"},"modified":"2024-09-06T08:53:23","modified_gmt":"2024-09-06T08:53:23","slug":"gestaltung-oeffentlicher-raum-im-stedtli","status":"publish","type":"page","link":"https:\/\/test.jeker.eu\/index.php\/gestaltung-oeffentlicher-raum-im-stedtli\/","title":{"rendered":"Gestaltung oeffentlicher Raum im Stedtli"},"content":{"rendered":"<p>[et_pb_section fb_built=&#8220;1&#8243; _builder_version=&#8220;4.27.0&#8243; _module_preset=&#8220;default&#8220; global_colors_info=&#8220;{}&#8220;][et_pb_row column_structure=&#8220;1_4,1_4,1_4,1_4&#8243; _builder_version=&#8220;4.27.0&#8243; _module_preset=&#8220;default&#8220; hover_enabled=&#8220;0&#8243; global_colors_info=&#8220;{}&#8220; use_custom_gutter=&#8220;on&#8220; sticky_enabled=&#8220;0&#8243;][et_pb_column type=&#8220;1_4&#8243; _builder_version=&#8220;4.27.0&#8243; _module_preset=&#8220;default&#8220; global_colors_info=&#8220;{}&#8220;][et_pb_text _builder_version=&#8220;4.27.0&#8243; _module_preset=&#8220;default&#8220; global_colors_info=&#8220;{}&#8220;]<\/p>\n<p><strong>Gestaltung \u00f6ffentlicher Raum im Stedtli<br \/>B\u00fcren a.A.<br \/>Studienauftrag 2007, 1.Rang<br \/>Vorprojekt \/ Mitwirkung 2008-2009<br \/>Bauprojekt 2010-2012<br \/>Ausf\u00fchrung seit 2012<\/strong><\/p>\n<p>[\/et_pb_text][\/et_pb_column][et_pb_column type=&#8220;1_4&#8243; _builder_version=&#8220;4.27.0&#8243; _module_preset=&#8220;default&#8220; global_colors_info=&#8220;{}&#8220;][et_pb_image src=&#8220;https:\/\/test.jeker.eu\/wp-content\/uploads\/2024\/08\/Bueren_1.jpg&#8220; title_text=&#8220;Bueren_1&#8243; _builder_version=&#8220;4.27.0&#8243; _module_preset=&#8220;default&#8220; global_colors_info=&#8220;{}&#8220;][\/et_pb_image][\/et_pb_column][et_pb_column type=&#8220;1_4&#8243; _builder_version=&#8220;4.27.0&#8243; _module_preset=&#8220;default&#8220; global_colors_info=&#8220;{}&#8220;][\/et_pb_column][et_pb_column type=&#8220;1_4&#8243; _builder_version=&#8220;4.27.0&#8243; _module_preset=&#8220;default&#8220; global_colors_info=&#8220;{}&#8220;][et_pb_text _builder_version=&#8220;4.27.0&#8243; _module_preset=&#8220;default&#8220; global_colors_info=&#8220;{}&#8220;]<\/p>\n<p>Durch ein neue Umfahrungsstrasse wird das Ortszentrum vom Durchgangsverkehr entlastet. Die Situation f\u00fcr den nichtmotorisierten Verkehr wird erheblich verbessert.<br \/>Der historisch wertvolle Bereich \u2018Stedtli\u2019 wird durch den R\u00fcckbau der Verkehrsgeometrie als Aufenthaltsraum gest\u00e4rkt und aufgewertet. Das Gestaltungs- M\u00f6blierungs- und Signaletikkonzept wurde in enger Zusammenarbeit mit der Denkmalpflege erarbeiten.<br \/>Signalisationen und Markierungen f\u00fcr den Verkehr weitestgehend entfernt, Konzept der nat\u00fcrlichen Verkehrsregelung durch Gestaltung.<\/p>\n<p>[\/et_pb_text][\/et_pb_column][\/et_pb_row][et_pb_row column_structure=&#8220;1_2,1_2&#8243; use_custom_gutter=&#8220;on&#8220; _builder_version=&#8220;4.27.0&#8243; _module_preset=&#8220;default&#8220; hover_enabled=&#8220;0&#8243; global_colors_info=&#8220;{}&#8220; sticky_enabled=&#8220;0&#8243;][et_pb_column type=&#8220;1_2&#8243; _builder_version=&#8220;4.27.0&#8243; _module_preset=&#8220;default&#8220; global_colors_info=&#8220;{}&#8220;][et_pb_image src=&#8220;https:\/\/test.jeker.eu\/wp-content\/uploads\/2024\/08\/Bueren_5_1.jpg&#8220; title_text=&#8220;Bueren_5_1&#8243; align=&#8220;right&#8220; _builder_version=&#8220;4.27.0&#8243; _module_preset=&#8220;default&#8220; global_colors_info=&#8220;{}&#8220;][\/et_pb_image][\/et_pb_column][et_pb_column type=&#8220;1_2&#8243; _builder_version=&#8220;4.27.0&#8243; _module_preset=&#8220;default&#8220; global_colors_info=&#8220;{}&#8220;][et_pb_image src=&#8220;https:\/\/test.jeker.eu\/wp-content\/uploads\/2024\/08\/Bueren_8.jpg&#8220; title_text=&#8220;Bueren_8&#8243; align=&#8220;right&#8220; _builder_version=&#8220;4.27.0&#8243; _module_preset=&#8220;default&#8220; global_colors_info=&#8220;{}&#8220;][\/et_pb_image][\/et_pb_column][\/et_pb_row][\/et_pb_section]<\/p>\n","protected":false},"excerpt":{"rendered":"<p>Gestaltung \u00f6ffentlicher Raum im StedtliB\u00fcren a.A.Studienauftrag 2007, 1.RangVorprojekt \/ Mitwirkung 2008-2009Bauprojekt 2010-2012Ausf\u00fchrung seit 2012Durch ein neue Umfahrungsstrasse wird das Ortszentrum vom Durchgangsverkehr entlastet. Die Situation f\u00fcr den nichtmotorisierten Verkehr wird erheblich verbessert.Der historisch wertvolle Bereich \u2018Stedtli\u2019 wird durch den R\u00fcckbau der Verkehrsgeometrie als Aufenthaltsraum gest\u00e4rkt und aufgewertet. Das Gestaltungs- M\u00f6blierungs- und Signaletikkonzept wurde in enger [&hellip;]<\/p>\n","protected":false},"author":1,"featured_media":0,"parent":0,"menu_order":0,"comment_status":"closed","ping_status":"closed","template":"","meta":{"_et_pb_use_builder":"on","_et_pb_old_content":"","_et_gb_content_width":"","footnotes":""},"class_list":["post-129","page","type-page","status-publish","hentry"],"aioseo_notices":[],"_links":{"self":[{"href":"https:\/\/test.jeker.eu\/index.php\/wp-json\/wp\/v2\/pages\/129","targetHints":{"allow":["GET"]}}],"collection":[{"href":"https:\/\/test.jeker.eu\/index.php\/wp-json\/wp\/v2\/pages"}],"about":[{"href":"https:\/\/test.jeker.eu\/index.php\/wp-json\/wp\/v2\/types\/page"}],"author":[{"embeddable":true,"href":"https:\/\/test.jeker.eu\/index.php\/wp-json\/wp\/v2\/users\/1"}],"replies":[{"embeddable":true,"href":"https:\/\/test.jeker.eu\/index.php\/wp-json\/wp\/v2\/comments?post=129"}],"version-history":[{"count":7,"href":"https:\/\/test.jeker.eu\/index.php\/wp-json\/wp\/v2\/pages\/129\/revisions"}],"predecessor-version":[{"id":1081,"href":"https:\/\/test.jeker.eu\/index.php\/wp-json\/wp\/v2\/pages\/129\/revisions\/1081"}],"wp:attachment":[{"href":"https:\/\/test.jeker.eu\/index.php\/wp-json\/wp\/v2\/media?parent=129"}],"curies":[{"name":"wp","href":"https:\/\/api.w.org\/{rel}","templated":true}]}}