{"id":140,"date":"2024-08-15T13:18:54","date_gmt":"2024-08-15T13:18:54","guid":{"rendered":"https:\/\/test.jeker.eu\/?page_id=140"},"modified":"2024-08-15T13:36:45","modified_gmt":"2024-08-15T13:36:45","slug":"ideenwettbewerb-eigerplatz","status":"publish","type":"page","link":"https:\/\/test.jeker.eu\/index.php\/ideenwettbewerb-eigerplatz\/","title":{"rendered":"Ideenwettbewerb Eigerplatz"},"content":{"rendered":"<p>[et_pb_section fb_built=&#8220;1&#8243; _builder_version=&#8220;4.27.0&#8243; _module_preset=&#8220;default&#8220; global_colors_info=&#8220;{}&#8220;][et_pb_row column_structure=&#8220;1_4,1_4,1_4,1_4&#8243; _builder_version=&#8220;4.27.0&#8243; _module_preset=&#8220;default&#8220; global_colors_info=&#8220;{}&#8220;][et_pb_column type=&#8220;1_4&#8243; _builder_version=&#8220;4.27.0&#8243; _module_preset=&#8220;default&#8220; global_colors_info=&#8220;{}&#8220;][et_pb_text _builder_version=&#8220;4.27.0&#8243; _module_preset=&#8220;default&#8220; global_colors_info=&#8220;{}&#8220;]<\/p>\n<p><strong>Ideenwettbewerb Eigerplatz<br \/>2009, 1. Platz<br \/><\/strong><strong>mit B+S AG, Rykart Architekten<\/strong><\/p>\n<p>[\/et_pb_text][\/et_pb_column][et_pb_column type=&#8220;1_4&#8243; _builder_version=&#8220;4.27.0&#8243; _module_preset=&#8220;default&#8220; global_colors_info=&#8220;{}&#8220;][et_pb_image src=&#8220;https:\/\/test.jeker.eu\/wp-content\/uploads\/2024\/08\/eiger1-300&#215;199-1.jpg&#8220; title_text=&#8220;eiger1-300&#215;199&#8243; _builder_version=&#8220;4.27.0&#8243; _module_preset=&#8220;default&#8220; global_colors_info=&#8220;{}&#8220;][\/et_pb_image][et_pb_divider show_divider=&#8220;off&#8220; _builder_version=&#8220;4.27.0&#8243; _module_preset=&#8220;default&#8220; global_colors_info=&#8220;{}&#8220;][\/et_pb_divider][et_pb_image src=&#8220;https:\/\/test.jeker.eu\/wp-content\/uploads\/2024\/08\/eiger2-300&#215;201-1.jpg&#8220; title_text=&#8220;eiger2-300&#215;201&#8243; _builder_version=&#8220;4.27.0&#8243; _module_preset=&#8220;default&#8220; global_colors_info=&#8220;{}&#8220;][\/et_pb_image][\/et_pb_column][et_pb_column type=&#8220;1_4&#8243; _builder_version=&#8220;4.27.0&#8243; _module_preset=&#8220;default&#8220; global_colors_info=&#8220;{}&#8220;][et_pb_text _builder_version=&#8220;4.27.0&#8243; _module_preset=&#8220;default&#8220; global_colors_info=&#8220;{}&#8220;]<\/p>\n<p>Die einzelnen Platzsegmente sind zu einem mit einer einheitlichen M\u00f6blierung und Formensprache versehenen Platz auf der \u00f6stlichen Seite zusammengebunden. Vorgesehen ist eine Erg\u00e4nzung der bestehenden Bepflanzung. Im Bereich vor dem Direktionsgeb\u00e4ude von BERNMOBIL ist die zentrale Haltestelle f\u00fcr Tram und Bus in den Platz integriert. Der Platzbereich vor der Post wird dagegen als Aufenthaltsbereich ausgestaltet.<br \/>Die Autos verkehren geb\u00fcndelt und zwar auf den Achsen Schwarzenburg-, Seftigen-, Eiger- und Zieglerstrasse. Nicht mehr ben\u00f6tigte Strassenstrecken werden zur\u00fcckgebaut, so die Belpstrasse zwischen dem Philosophenweg und der Zieglerstrasse.<\/p>\n<p>[\/et_pb_text][\/et_pb_column][et_pb_column type=&#8220;1_4&#8243; _builder_version=&#8220;4.27.0&#8243; _module_preset=&#8220;default&#8220; global_colors_info=&#8220;{}&#8220;][et_pb_text _builder_version=&#8220;4.27.0&#8243; _module_preset=&#8220;default&#8220; global_colors_info=&#8220;{}&#8220;]<\/p>\n<p>Der Knoten Schwarzenburg-\/Seftigen-\/Eiger-\/Zieglerstrasse wird als Kreisel betrieben. Auf den Zufahrten zum Eigerplatz sind das Tram und der Autoverkehr entflechtet. Mittelinseln erleichtern den Fuss- g\u00e4ngerInnen das Queren der Strassen ohne Lichtsignalanlage. F\u00fcr die Velofahrenden sind Radstreifen vorgesehen.<br \/>Das Hochhaus wird gegen den Platz hin ge\u00f6ffnet und der Vorplatz abgetreppt. Die bestehen- den B\u00e4ume werden durch Neupflanzungen erg\u00e4nzt.<\/p>\n<p>[\/et_pb_text][\/et_pb_column][\/et_pb_row][et_pb_row _builder_version=&#8220;4.27.0&#8243; _module_preset=&#8220;default&#8220; global_colors_info=&#8220;{}&#8220;][et_pb_column type=&#8220;4_4&#8243; _builder_version=&#8220;4.27.0&#8243; _module_preset=&#8220;default&#8220; global_colors_info=&#8220;{}&#8220;][et_pb_image src=&#8220;https:\/\/test.jeker.eu\/wp-content\/uploads\/2024\/08\/situation.jpg&#8220; title_text=&#8220;situation&#8220; align=&#8220;right&#8220; _builder_version=&#8220;4.27.0&#8243; _module_preset=&#8220;default&#8220; global_colors_info=&#8220;{}&#8220;][\/et_pb_image][\/et_pb_column][\/et_pb_row][\/et_pb_section]<\/p>\n","protected":false},"excerpt":{"rendered":"<p>Ideenwettbewerb Eigerplatz2009, 1. Platzmit B+S AG, Rykart ArchitektenDie einzelnen Platzsegmente sind zu einem mit einer einheitlichen M\u00f6blierung und Formensprache versehenen Platz auf der \u00f6stlichen Seite zusammengebunden. Vorgesehen ist eine Erg\u00e4nzung der bestehenden Bepflanzung. Im Bereich vor dem Direktionsgeb\u00e4ude von BERNMOBIL ist die zentrale Haltestelle f\u00fcr Tram und Bus in den Platz integriert. Der Platzbereich vor [&hellip;]<\/p>\n","protected":false},"author":1,"featured_media":0,"parent":0,"menu_order":0,"comment_status":"closed","ping_status":"closed","template":"","meta":{"_et_pb_use_builder":"on","_et_pb_old_content":"","_et_gb_content_width":"","footnotes":""},"class_list":["post-140","page","type-page","status-publish","hentry"],"aioseo_notices":[],"_links":{"self":[{"href":"https:\/\/test.jeker.eu\/index.php\/wp-json\/wp\/v2\/pages\/140","targetHints":{"allow":["GET"]}}],"collection":[{"href":"https:\/\/test.jeker.eu\/index.php\/wp-json\/wp\/v2\/pages"}],"about":[{"href":"https:\/\/test.jeker.eu\/index.php\/wp-json\/wp\/v2\/types\/page"}],"author":[{"embeddable":true,"href":"https:\/\/test.jeker.eu\/index.php\/wp-json\/wp\/v2\/users\/1"}],"replies":[{"embeddable":true,"href":"https:\/\/test.jeker.eu\/index.php\/wp-json\/wp\/v2\/comments?post=140"}],"version-history":[{"count":7,"href":"https:\/\/test.jeker.eu\/index.php\/wp-json\/wp\/v2\/pages\/140\/revisions"}],"predecessor-version":[{"id":155,"href":"https:\/\/test.jeker.eu\/index.php\/wp-json\/wp\/v2\/pages\/140\/revisions\/155"}],"wp:attachment":[{"href":"https:\/\/test.jeker.eu\/index.php\/wp-json\/wp\/v2\/media?parent=140"}],"curies":[{"name":"wp","href":"https:\/\/api.w.org\/{rel}","templated":true}]}}