{"id":182,"date":"2024-08-16T08:55:48","date_gmt":"2024-08-16T08:55:48","guid":{"rendered":"https:\/\/test.jeker.eu\/?page_id=182"},"modified":"2024-08-16T08:58:31","modified_gmt":"2024-08-16T08:58:31","slug":"daniel-moeri","status":"publish","type":"page","link":"https:\/\/test.jeker.eu\/index.php\/daniel-moeri\/","title":{"rendered":"Daniel Moeri"},"content":{"rendered":"<p>[et_pb_section fb_built=&#8220;1&#8243; _builder_version=&#8220;4.27.0&#8243; _module_preset=&#8220;default&#8220; global_colors_info=&#8220;{}&#8220;][et_pb_row column_structure=&#8220;1_4,1_4,1_4,1_4&#8243; _builder_version=&#8220;4.27.0&#8243; _module_preset=&#8220;default&#8220; global_colors_info=&#8220;{}&#8220;][et_pb_column type=&#8220;1_4&#8243; _builder_version=&#8220;4.27.0&#8243; _module_preset=&#8220;default&#8220; global_colors_info=&#8220;{}&#8220;][et_pb_text _builder_version=&#8220;4.27.0&#8243; _module_preset=&#8220;default&#8220; global_colors_info=&#8220;{}&#8220;]<\/p>\n<p><strong>C.V. Daniel Moeri<\/strong><\/p>\n<p>[\/et_pb_text][\/et_pb_column][et_pb_column type=&#8220;1_4&#8243; _builder_version=&#8220;4.27.0&#8243; _module_preset=&#8220;default&#8220; global_colors_info=&#8220;{}&#8220;][et_pb_image src=&#8220;https:\/\/test.jeker.eu\/wp-content\/uploads\/2024\/08\/Foto-Daniel-Moeri-2013-681&#215;1024-1.jpg&#8220; title_text=&#8220;Foto-Daniel-Moeri-2013-681&#215;1024&#8243; _builder_version=&#8220;4.27.0&#8243; _module_preset=&#8220;default&#8220; width=&#8220;60%&#8220; global_colors_info=&#8220;{}&#8220;][\/et_pb_image][\/et_pb_column][et_pb_column type=&#8220;1_4&#8243; _builder_version=&#8220;4.27.0&#8243; _module_preset=&#8220;default&#8220; global_colors_info=&#8220;{}&#8220;][et_pb_testimonial _builder_version=&#8220;4.27.0&#8243; _module_preset=&#8220;default&#8220; global_colors_info=&#8220;{}&#8220;]<\/p>\n<p>Interview mit Daniel Moeri<\/p>\n<p>[\/et_pb_testimonial][\/et_pb_column][et_pb_column type=&#8220;1_4&#8243; _builder_version=&#8220;4.27.0&#8243; _module_preset=&#8220;default&#8220; global_colors_info=&#8220;{}&#8220;][et_pb_text _builder_version=&#8220;4.27.0&#8243; _module_preset=&#8220;default&#8220; global_colors_info=&#8220;{}&#8220;]<\/p>\n<p><strong>PERSONALIEN<\/strong><br \/>Name: Moeri<br \/>Vorname: Daniel<br \/>Geburtsdatum: 15. Juli 1958<br \/>Zivilstand: verheiratet mit Doris Moeri, gemeinsame Tochter Daniela Moeri<br \/>Wohnort: Burgdorf<br \/>B\u00fcrger von: Gempenach<\/p>\n<p>[\/et_pb_text][\/et_pb_column][\/et_pb_row][et_pb_row column_structure=&#8220;1_2,1_2&#8243; _builder_version=&#8220;4.27.0&#8243; _module_preset=&#8220;default&#8220; global_colors_info=&#8220;{}&#8220;][et_pb_column type=&#8220;1_2&#8243; _builder_version=&#8220;4.27.0&#8243; _module_preset=&#8220;default&#8220; global_colors_info=&#8220;{}&#8220;][et_pb_text _builder_version=&#8220;4.27.0&#8243; _module_preset=&#8220;default&#8220; global_colors_info=&#8220;{}&#8220;]<\/p>\n<p><strong>AUSBILDUNG<\/strong><br \/>1964 \u2013 1968 : Primarschule Burgdorf<br \/>1969 \u2013 1974 : Sekundarschule Burgdorf<br \/>1974 \u2013 1977 : Tiefbauzeichner<br \/>1978 \u2013 1981 : Ausbildung zum Landschaftsarchitekten HTL<br \/>1982 \u2013 1985 : Fachh\u00f6hrer ETH Z, Abteilung Architektur<br \/>1986 : Kurse Kunstgewerbeschule Bern<br \/>Sprachen : Deutsch, Franz\u00f6sisch,<br \/>Sprachkenntnisse in Englisch<\/p>\n<p>[\/et_pb_text][\/et_pb_column][et_pb_column type=&#8220;1_2&#8243; _builder_version=&#8220;4.27.0&#8243; _module_preset=&#8220;default&#8220; global_colors_info=&#8220;{}&#8220;][et_pb_text _builder_version=&#8220;4.27.0&#8243; _module_preset=&#8220;default&#8220; global_colors_info=&#8220;{}&#8220;]<\/p>\n<p><strong>BERUFLICHE T\u00c4TIGKEIT<\/strong><br \/>1985 : Planung und Bauleitung in Gartenbaubetrieb ( Teilzeitmandat )<br \/>1987 : Eintritt Moeri &amp; Partner AG<br \/>1988 : Uebernahme der Aktienmehrheit<br \/>1996 : Alleininhaber Moeri &amp; Partner AG<br \/>2005 \u2013 2015 :\u00a0Dozent BFH Berner Fachhochschule, Architektur, Holz und Bau, Burgdorf<br \/>( Teilzeit ) Abteilung Bauingenieurwesen, Fach Ingenieurdesign<\/p>\n<p>&nbsp;<\/p>\n<p>Pr\u00fcfungsexperte G\u00e4rtnermeisterpr\u00fcfungen VSG und Technikerschule TS \/ GSO<br \/>(\u00a0<a title=\"Gartenbauschule Oeschberg\" href=\"http:\/\/www.oeschberg.ch\/Deutsch\/index.asp\">Gartenbauschule \u00d6schberg<\/a>\u00a0)<\/p>\n<p><strong>MITGLIEDSCHAFTEN<\/strong><br \/><a title=\"BSLA\" href=\"http:\/\/www.bsla.ch\/output.php\" target=\"_blank\" rel=\"noopener noreferrer\">BSLA<\/a>\u00a0Bund Schweizer Landschaftsarchitekten<br \/>BSP \/ FSU Bund Schweizer Planer<\/p>\n<p>[\/et_pb_text][\/et_pb_column][\/et_pb_row][\/et_pb_section]<\/p>\n","protected":false},"excerpt":{"rendered":"<p>C.V. Daniel MoeriInterview mit Daniel MoeriPERSONALIENName: MoeriVorname: DanielGeburtsdatum: 15. Juli 1958Zivilstand: verheiratet mit Doris Moeri, gemeinsame Tochter Daniela MoeriWohnort: BurgdorfB\u00fcrger von: GempenachAUSBILDUNG1964 \u2013 1968 : Primarschule Burgdorf1969 \u2013 1974 : Sekundarschule Burgdorf1974 \u2013 1977 : Tiefbauzeichner1978 \u2013 1981 : Ausbildung zum Landschaftsarchitekten HTL1982 \u2013 1985 : Fachh\u00f6hrer ETH Z, Abteilung Architektur1986 : Kurse Kunstgewerbeschule BernSprachen [&hellip;]<\/p>\n","protected":false},"author":1,"featured_media":0,"parent":0,"menu_order":0,"comment_status":"closed","ping_status":"closed","template":"","meta":{"_et_pb_use_builder":"on","_et_pb_old_content":"","_et_gb_content_width":"","footnotes":""},"class_list":["post-182","page","type-page","status-publish","hentry"],"aioseo_notices":[],"_links":{"self":[{"href":"https:\/\/test.jeker.eu\/index.php\/wp-json\/wp\/v2\/pages\/182","targetHints":{"allow":["GET"]}}],"collection":[{"href":"https:\/\/test.jeker.eu\/index.php\/wp-json\/wp\/v2\/pages"}],"about":[{"href":"https:\/\/test.jeker.eu\/index.php\/wp-json\/wp\/v2\/types\/page"}],"author":[{"embeddable":true,"href":"https:\/\/test.jeker.eu\/index.php\/wp-json\/wp\/v2\/users\/1"}],"replies":[{"embeddable":true,"href":"https:\/\/test.jeker.eu\/index.php\/wp-json\/wp\/v2\/comments?post=182"}],"version-history":[{"count":5,"href":"https:\/\/test.jeker.eu\/index.php\/wp-json\/wp\/v2\/pages\/182\/revisions"}],"predecessor-version":[{"id":191,"href":"https:\/\/test.jeker.eu\/index.php\/wp-json\/wp\/v2\/pages\/182\/revisions\/191"}],"wp:attachment":[{"href":"https:\/\/test.jeker.eu\/index.php\/wp-json\/wp\/v2\/media?parent=182"}],"curies":[{"name":"wp","href":"https:\/\/api.w.org\/{rel}","templated":true}]}}