{"id":233,"date":"2024-08-16T12:59:25","date_gmt":"2024-08-16T12:59:25","guid":{"rendered":"https:\/\/test.jeker.eu\/?page_id=233"},"modified":"2024-08-16T13:02:39","modified_gmt":"2024-08-16T13:02:39","slug":"offene-stellen","status":"publish","type":"page","link":"https:\/\/test.jeker.eu\/index.php\/offene-stellen\/","title":{"rendered":"offene Stellen"},"content":{"rendered":"<p>[et_pb_section fb_built=&#8220;1&#8243; _builder_version=&#8220;4.27.0&#8243; _module_preset=&#8220;default&#8220; global_colors_info=&#8220;{}&#8220;][et_pb_row column_structure=&#8220;1_2,1_2&#8243; _builder_version=&#8220;4.27.0&#8243; _module_preset=&#8220;default&#8220; global_colors_info=&#8220;{}&#8220;][et_pb_column type=&#8220;1_2&#8243; _builder_version=&#8220;4.27.0&#8243; _module_preset=&#8220;default&#8220; global_colors_info=&#8220;{}&#8220;][et_pb_text _builder_version=&#8220;4.27.0&#8243; _module_preset=&#8220;default&#8220; global_colors_info=&#8220;{}&#8220;]<\/p>\n<p>wir suchen<\/p>\n<p>[\/et_pb_text][et_pb_text _builder_version=&#8220;4.27.0&#8243; _module_preset=&#8220;default&#8220; global_colors_info=&#8220;{}&#8220;]<\/p>\n<h1>LANDSCHAFTSARCHITEKTiN \/ ARCHITEKTiN<\/h1>\n<p>[\/et_pb_text][et_pb_text _builder_version=&#8220;4.27.0&#8243; _module_preset=&#8220;default&#8220; hover_enabled=&#8220;0&#8243; global_colors_info=&#8220;{}&#8220; sticky_enabled=&#8220;0&#8243;]<\/p>\n<h3><a href=\"https:\/\/test.jeker.eu\/wp-content\/uploads\/2024\/08\/2023-Stelleninserat-Moeri-Partner-AG.pdf\">Stelleninserat PDF<\/a><\/h3>\n<p>[\/et_pb_text][et_pb_text _builder_version=&#8220;4.27.0&#8243; _module_preset=&#8220;default&#8220; global_colors_info=&#8220;{}&#8220;]<\/p>\n<p>Wollen Sie ein Teil unseres Teams werden? Dann freuen wir uns von Ihnen zu h\u00f6ren.<br \/>Bei Fragen steht Ihnen Bettina K\u00e4ppeli gerne zur Verf\u00fcgung.<br \/>Moeri &amp; Partner AG<br \/>Landschaftsarchitekten BSLA<br \/>Postfach 331, M\u00fchlenplatz 3, 3000 Bern 13<br \/>+41 31 320 30 40<br \/><a href=\"mailto:info@moeripartner.ch\">info@moeripartner.ch<\/a>\u00a0\/\u00a0<a href=\"mailto:b.kaeppeli@moeripartner.ch\">b.kaeppeli@moeripartner.ch<\/a><\/p>\n<p>[\/et_pb_text][\/et_pb_column][et_pb_column type=&#8220;1_2&#8243; _builder_version=&#8220;4.27.0&#8243; _module_preset=&#8220;default&#8220; global_colors_info=&#8220;{}&#8220;][et_pb_text _builder_version=&#8220;4.27.0&#8243; _module_preset=&#8220;default&#8220; global_colors_info=&#8220;{}&#8220;]<\/p>\n<p>oder<\/p>\n<p>[\/et_pb_text][et_pb_text _builder_version=&#8220;4.27.0&#8243; _module_preset=&#8220;default&#8220; global_colors_info=&#8220;{}&#8220;]<\/p>\n<h1>ZEICHNERiN<\/h1>\n<h3>FACHRICHTUNG LANDSCHAFTSARCHITEKTUR, ARCHITEKTUR ODER INGENIEURBAU<\/h3>\n<p>[\/et_pb_text][\/et_pb_column][\/et_pb_row][\/et_pb_section]<\/p>\n","protected":false},"excerpt":{"rendered":"<p>wir suchenLANDSCHAFTSARCHITEKTiN \/ ARCHITEKTiNStelleninserat PDFWollen Sie ein Teil unseres Teams werden? Dann freuen wir uns von Ihnen zu h\u00f6ren.Bei Fragen steht Ihnen Bettina K\u00e4ppeli gerne zur Verf\u00fcgung.Moeri &amp; Partner AGLandschaftsarchitekten BSLAPostfach 331, M\u00fchlenplatz 3, 3000 Bern 13+41 31 320 30 40info@moeripartner.ch\u00a0\/\u00a0b.kaeppeli@moeripartner.choderZEICHNERiN FACHRICHTUNG LANDSCHAFTSARCHITEKTUR, ARCHITEKTUR ODER INGENIEURBAU<\/p>\n","protected":false},"author":1,"featured_media":0,"parent":0,"menu_order":0,"comment_status":"closed","ping_status":"closed","template":"","meta":{"_et_pb_use_builder":"on","_et_pb_old_content":"","_et_gb_content_width":"","footnotes":""},"class_list":["post-233","page","type-page","status-publish","hentry"],"aioseo_notices":[],"_links":{"self":[{"href":"https:\/\/test.jeker.eu\/index.php\/wp-json\/wp\/v2\/pages\/233","targetHints":{"allow":["GET"]}}],"collection":[{"href":"https:\/\/test.jeker.eu\/index.php\/wp-json\/wp\/v2\/pages"}],"about":[{"href":"https:\/\/test.jeker.eu\/index.php\/wp-json\/wp\/v2\/types\/page"}],"author":[{"embeddable":true,"href":"https:\/\/test.jeker.eu\/index.php\/wp-json\/wp\/v2\/users\/1"}],"replies":[{"embeddable":true,"href":"https:\/\/test.jeker.eu\/index.php\/wp-json\/wp\/v2\/comments?post=233"}],"version-history":[{"count":4,"href":"https:\/\/test.jeker.eu\/index.php\/wp-json\/wp\/v2\/pages\/233\/revisions"}],"predecessor-version":[{"id":239,"href":"https:\/\/test.jeker.eu\/index.php\/wp-json\/wp\/v2\/pages\/233\/revisions\/239"}],"wp:attachment":[{"href":"https:\/\/test.jeker.eu\/index.php\/wp-json\/wp\/v2\/media?parent=233"}],"curies":[{"name":"wp","href":"https:\/\/api.w.org\/{rel}","templated":true}]}}