{"id":280,"date":"2024-08-17T11:52:32","date_gmt":"2024-08-17T11:52:32","guid":{"rendered":"https:\/\/test.jeker.eu\/?page_id=280"},"modified":"2024-09-06T08:05:40","modified_gmt":"2024-09-06T08:05:40","slug":"urtenenbach","status":"publish","type":"page","link":"https:\/\/test.jeker.eu\/index.php\/urtenenbach\/","title":{"rendered":"Urtenenbach"},"content":{"rendered":"<p>[et_pb_section fb_built=&#8220;1&#8243; _builder_version=&#8220;4.27.0&#8243; _module_preset=&#8220;default&#8220; global_colors_info=&#8220;{}&#8220;][et_pb_row column_structure=&#8220;1_4,1_4,1_4,1_4&#8243; _builder_version=&#8220;4.27.0&#8243; _module_preset=&#8220;default&#8220; hover_enabled=&#8220;0&#8243; global_colors_info=&#8220;{}&#8220; use_custom_gutter=&#8220;on&#8220; sticky_enabled=&#8220;0&#8243;][et_pb_column type=&#8220;1_4&#8243; _builder_version=&#8220;4.27.0&#8243; _module_preset=&#8220;default&#8220; global_colors_info=&#8220;{}&#8220;][et_pb_text _builder_version=&#8220;4.27.0&#8243; _module_preset=&#8220;default&#8220; global_colors_info=&#8220;{}&#8220;]<\/p>\n<p><strong>Ausbau und Renaturierung Urtenenbach<\/strong><\/p>\n<p>[\/et_pb_text][\/et_pb_column][et_pb_column type=&#8220;1_4&#8243; _builder_version=&#8220;4.27.0&#8243; _module_preset=&#8220;default&#8220; global_colors_info=&#8220;{}&#8220;][et_pb_image src=&#8220;https:\/\/test.jeker.eu\/wp-content\/uploads\/2024\/08\/P1011286-300&#215;225-2.jpg&#8220; title_text=&#8220;P1011286-300&#215;225&#8243; align=&#8220;right&#8220; _builder_version=&#8220;4.27.0&#8243; _module_preset=&#8220;default&#8220; global_colors_info=&#8220;{}&#8220;][\/et_pb_image][et_pb_divider show_divider=&#8220;off&#8220; _builder_version=&#8220;4.27.0&#8243; _module_preset=&#8220;default&#8220; global_colors_info=&#8220;{}&#8220;][\/et_pb_divider][et_pb_image src=&#8220;https:\/\/test.jeker.eu\/wp-content\/uploads\/2024\/08\/P1011293-300&#215;225-1.jpg&#8220; title_text=&#8220;P1011293-300&#215;225&#8243; align=&#8220;right&#8220; _builder_version=&#8220;4.27.0&#8243; _module_preset=&#8220;default&#8220; global_colors_info=&#8220;{}&#8220;][\/et_pb_image][\/et_pb_column][et_pb_column type=&#8220;1_4&#8243; _builder_version=&#8220;4.27.0&#8243; _module_preset=&#8220;default&#8220; global_colors_info=&#8220;{}&#8220;][\/et_pb_column][et_pb_column type=&#8220;1_4&#8243; _builder_version=&#8220;4.27.0&#8243; _module_preset=&#8220;default&#8220; global_colors_info=&#8220;{}&#8220;][et_pb_text _builder_version=&#8220;4.27.0&#8243; _module_preset=&#8220;default&#8220; global_colors_info=&#8220;{}&#8220;]<\/p>\n<p>Grunds\u00e4tzlich verfolgt das vorliegende Projekt einerseits die Sicherung des Hochwasserschutzes im Siedlungsbereich und andererseits die Erweiterung des Gew\u00e4sserraumes. Dabei sollen m\u00f6glichst viele Interessen abgedeckt und die \u00f6kologischen Defizite aufgehoben werden. Die neuen Bachabschnitte sollen zusammen mit den \u00dcberbauungen ein vernetztes und grossz\u00fcgiges Naherholungsgebiet erschaffen.<\/p>\n<p>[\/et_pb_text][\/et_pb_column][\/et_pb_row][et_pb_row column_structure=&#8220;1_2,1_2&#8243; use_custom_gutter=&#8220;on&#8220; _builder_version=&#8220;4.27.0&#8243; _module_preset=&#8220;default&#8220; global_colors_info=&#8220;{}&#8220;][et_pb_column type=&#8220;1_2&#8243; _builder_version=&#8220;4.27.0&#8243; _module_preset=&#8220;default&#8220; global_colors_info=&#8220;{}&#8220;][et_pb_image src=&#8220;https:\/\/test.jeker.eu\/wp-content\/uploads\/2024\/08\/P6180674-1024&#215;768-1.jpg&#8220; title_text=&#8220;P6180674-1024&#215;768&#8243; _builder_version=&#8220;4.27.0&#8243; _module_preset=&#8220;default&#8220; global_colors_info=&#8220;{}&#8220;][\/et_pb_image][\/et_pb_column][et_pb_column type=&#8220;1_2&#8243; _builder_version=&#8220;4.27.0&#8243; _module_preset=&#8220;default&#8220; global_colors_info=&#8220;{}&#8220;][et_pb_image src=&#8220;https:\/\/test.jeker.eu\/wp-content\/uploads\/2024\/08\/P1011288-1024&#215;768-1.jpg&#8220; title_text=&#8220;P1011288-1024&#215;768&#8243; _builder_version=&#8220;4.27.0&#8243; _module_preset=&#8220;default&#8220; global_colors_info=&#8220;{}&#8220;][\/et_pb_image][\/et_pb_column][\/et_pb_row][\/et_pb_section]<\/p>\n","protected":false},"excerpt":{"rendered":"<p>Ausbau und Renaturierung UrtenenbachGrunds\u00e4tzlich verfolgt das vorliegende Projekt einerseits die Sicherung des Hochwasserschutzes im Siedlungsbereich und andererseits die Erweiterung des Gew\u00e4sserraumes. Dabei sollen m\u00f6glichst viele Interessen abgedeckt und die \u00f6kologischen Defizite aufgehoben werden. Die neuen Bachabschnitte sollen zusammen mit den \u00dcberbauungen ein vernetztes und grossz\u00fcgiges Naherholungsgebiet erschaffen.<\/p>\n","protected":false},"author":1,"featured_media":0,"parent":0,"menu_order":0,"comment_status":"closed","ping_status":"closed","template":"","meta":{"_et_pb_use_builder":"on","_et_pb_old_content":"","_et_gb_content_width":"","footnotes":""},"class_list":["post-280","page","type-page","status-publish","hentry"],"aioseo_notices":[],"_links":{"self":[{"href":"https:\/\/test.jeker.eu\/index.php\/wp-json\/wp\/v2\/pages\/280","targetHints":{"allow":["GET"]}}],"collection":[{"href":"https:\/\/test.jeker.eu\/index.php\/wp-json\/wp\/v2\/pages"}],"about":[{"href":"https:\/\/test.jeker.eu\/index.php\/wp-json\/wp\/v2\/types\/page"}],"author":[{"embeddable":true,"href":"https:\/\/test.jeker.eu\/index.php\/wp-json\/wp\/v2\/users\/1"}],"replies":[{"embeddable":true,"href":"https:\/\/test.jeker.eu\/index.php\/wp-json\/wp\/v2\/comments?post=280"}],"version-history":[{"count":8,"href":"https:\/\/test.jeker.eu\/index.php\/wp-json\/wp\/v2\/pages\/280\/revisions"}],"predecessor-version":[{"id":1052,"href":"https:\/\/test.jeker.eu\/index.php\/wp-json\/wp\/v2\/pages\/280\/revisions\/1052"}],"wp:attachment":[{"href":"https:\/\/test.jeker.eu\/index.php\/wp-json\/wp\/v2\/media?parent=280"}],"curies":[{"name":"wp","href":"https:\/\/api.w.org\/{rel}","templated":true}]}}