{"id":305,"date":"2024-08-18T09:52:53","date_gmt":"2024-08-18T09:52:53","guid":{"rendered":"https:\/\/test.jeker.eu\/?page_id=305"},"modified":"2024-09-06T08:19:03","modified_gmt":"2024-09-06T08:19:03","slug":"hochwasserschutz-trachtenbach-brienz","status":"publish","type":"page","link":"https:\/\/test.jeker.eu\/index.php\/hochwasserschutz-trachtenbach-brienz\/","title":{"rendered":"Hochwasserschutz Trachtenbach Brienz"},"content":{"rendered":"<p>[et_pb_section fb_built=&#8220;1&#8243; _builder_version=&#8220;4.27.0&#8243; _module_preset=&#8220;default&#8220; global_colors_info=&#8220;{}&#8220;][et_pb_row column_structure=&#8220;1_4,1_4,1_4,1_4&#8243; use_custom_gutter=&#8220;on&#8220; _builder_version=&#8220;4.27.0&#8243; _module_preset=&#8220;default&#8220; global_colors_info=&#8220;{}&#8220;][et_pb_column type=&#8220;1_4&#8243; _builder_version=&#8220;4.27.0&#8243; _module_preset=&#8220;default&#8220; global_colors_info=&#8220;{}&#8220;][et_pb_text _builder_version=&#8220;4.27.0&#8243; _module_preset=&#8220;default&#8220; global_colors_info=&#8220;{}&#8220;]<\/p>\n<p><strong>Hochwasserschutz Trachtbach Brienz<br \/>\n2006<\/strong><\/p>\n<p>[\/et_pb_text][\/et_pb_column][et_pb_column type=&#8220;1_4&#8243; _builder_version=&#8220;4.27.0&#8243; _module_preset=&#8220;default&#8220; global_colors_info=&#8220;{}&#8220;][et_pb_image src=&#8220;https:\/\/test.jeker.eu\/wp-content\/uploads\/2024\/08\/sitzecke_grundriss_rev-e1423054404714.jpg&#8220; title_text=&#8220;sitzecke_grundriss_rev-e1423054404714&#8243; align=&#8220;right&#8220; _builder_version=&#8220;4.27.0&#8243; _module_preset=&#8220;default&#8220; global_colors_info=&#8220;{}&#8220;][\/et_pb_image][\/et_pb_column][et_pb_column type=&#8220;1_4&#8243; _builder_version=&#8220;4.27.0&#8243; _module_preset=&#8220;default&#8220; global_colors_info=&#8220;{}&#8220;][\/et_pb_column][et_pb_column type=&#8220;1_4&#8243; _builder_version=&#8220;4.27.0&#8243; _module_preset=&#8220;default&#8220; global_colors_info=&#8220;{}&#8220;][et_pb_text _builder_version=&#8220;4.27.0&#8243; _module_preset=&#8220;default&#8220; global_colors_info=&#8220;{}&#8220;]<\/p>\n<p>Urspr\u00fcnglich hatten die Schalen von Trachtbach die Aufgabe, Wasser mit Geschiebe zu kanalisieren und m\u00f6glichst direkt in den See zu bef\u00f6rdern. Diesen Zweck haben sie hervorragend erf\u00fcllt. Ein Murgang hingegen funktioniert anders: Hier fliesst nicht nur Wasser, sondern auch Gesteinsschutt mit. Dabei kommt es in aller Regel zu einem R\u00fcckstau im See und in der Folge auch in den Steingerinnen. Die Bachschalen wurden seinerzeit nicht gebaut, um einen Murgang abzuleiten. Diese Aufgabe hat sich nach dem Hochwasser 2005 neu gestellt.<br \/>\n<a href=\"https:\/\/test.jeker.eu\/index.php\/interview\/\">Interview mit Daniel Moeri<\/a><\/p>\n<p>[\/et_pb_text][\/et_pb_column][\/et_pb_row][et_pb_row column_structure=&#8220;1_2,1_2&#8243; use_custom_gutter=&#8220;on&#8220; _builder_version=&#8220;4.27.0&#8243; _module_preset=&#8220;default&#8220; min_height=&#8220;359.3px&#8220; custom_padding=&#8220;||6px|||&#8220; global_colors_info=&#8220;{}&#8220;][et_pb_column type=&#8220;1_2&#8243; _builder_version=&#8220;4.27.0&#8243; _module_preset=&#8220;default&#8220; global_colors_info=&#8220;{}&#8220;][et_pb_image _builder_version=&#8220;4.27.0&#8243; _module_preset=&#8220;default&#8220; title_text=&#8220;Trachtbach-sit-1024&#215;768&#8243; src=&#8220;https:\/\/test.jeker.eu\/wp-content\/uploads\/2024\/08\/Trachtbach-sit-1024&#215;768-1-e1725610608764.jpg&#8220;][\/et_pb_image][\/et_pb_column][et_pb_column type=&#8220;1_2&#8243; _builder_version=&#8220;4.27.0&#8243; _module_preset=&#8220;default&#8220; global_colors_info=&#8220;{}&#8220;][et_pb_image src=&#8220;https:\/\/test.jeker.eu\/wp-content\/uploads\/2024\/08\/P1013742-1024&#215;768-1-e1725610634147.jpg&#8220; title_text=&#8220;P1013742-1024&#215;768&#8243; _builder_version=&#8220;4.27.0&#8243; _module_preset=&#8220;default&#8220; global_colors_info=&#8220;{}&#8220;][\/et_pb_image][\/et_pb_column][\/et_pb_row][\/et_pb_section]<\/p>\n","protected":false},"excerpt":{"rendered":"<p>Hochwasserschutz Trachtbach Brienz 2006 Urspr\u00fcnglich hatten die Schalen von Trachtbach die Aufgabe, Wasser mit Geschiebe zu kanalisieren und m\u00f6glichst direkt in den See zu bef\u00f6rdern. Diesen Zweck haben sie hervorragend erf\u00fcllt. Ein Murgang hingegen funktioniert anders: Hier fliesst nicht nur Wasser, sondern auch Gesteinsschutt mit. Dabei kommt es in aller Regel zu einem R\u00fcckstau im [&hellip;]<\/p>\n","protected":false},"author":1,"featured_media":0,"parent":0,"menu_order":0,"comment_status":"closed","ping_status":"closed","template":"","meta":{"_et_pb_use_builder":"on","_et_pb_old_content":"","_et_gb_content_width":"","footnotes":""},"class_list":["post-305","page","type-page","status-publish","hentry"],"aioseo_notices":[],"_links":{"self":[{"href":"https:\/\/test.jeker.eu\/index.php\/wp-json\/wp\/v2\/pages\/305","targetHints":{"allow":["GET"]}}],"collection":[{"href":"https:\/\/test.jeker.eu\/index.php\/wp-json\/wp\/v2\/pages"}],"about":[{"href":"https:\/\/test.jeker.eu\/index.php\/wp-json\/wp\/v2\/types\/page"}],"author":[{"embeddable":true,"href":"https:\/\/test.jeker.eu\/index.php\/wp-json\/wp\/v2\/users\/1"}],"replies":[{"embeddable":true,"href":"https:\/\/test.jeker.eu\/index.php\/wp-json\/wp\/v2\/comments?post=305"}],"version-history":[{"count":9,"href":"https:\/\/test.jeker.eu\/index.php\/wp-json\/wp\/v2\/pages\/305\/revisions"}],"predecessor-version":[{"id":1061,"href":"https:\/\/test.jeker.eu\/index.php\/wp-json\/wp\/v2\/pages\/305\/revisions\/1061"}],"wp:attachment":[{"href":"https:\/\/test.jeker.eu\/index.php\/wp-json\/wp\/v2\/media?parent=305"}],"curies":[{"name":"wp","href":"https:\/\/api.w.org\/{rel}","templated":true}]}}