{"id":339,"date":"2024-08-18T10:17:31","date_gmt":"2024-08-18T10:17:31","guid":{"rendered":"https:\/\/test.jeker.eu\/?page_id=339"},"modified":"2024-09-06T08:12:22","modified_gmt":"2024-09-06T08:12:22","slug":"quai-brienz","status":"publish","type":"page","link":"https:\/\/test.jeker.eu\/index.php\/quai-brienz\/","title":{"rendered":"Quai Brienz"},"content":{"rendered":"<p>[et_pb_section fb_built=&#8220;1&#8243; _builder_version=&#8220;4.27.0&#8243; _module_preset=&#8220;default&#8220; global_colors_info=&#8220;{}&#8220;][et_pb_row column_structure=&#8220;1_4,1_4,1_4,1_4&#8243; use_custom_gutter=&#8220;on&#8220; _builder_version=&#8220;4.27.0&#8243; _module_preset=&#8220;default&#8220; global_colors_info=&#8220;{}&#8220;][et_pb_column type=&#8220;1_4&#8243; _builder_version=&#8220;4.27.0&#8243; _module_preset=&#8220;default&#8220; global_colors_info=&#8220;{}&#8220;][et_pb_text _builder_version=&#8220;4.27.0&#8243; _module_preset=&#8220;default&#8220; global_colors_info=&#8220;{}&#8220;]<\/p>\n<p><strong>Quai Brienz<br \/>2007<\/strong><\/p>\n<p>[\/et_pb_text][\/et_pb_column][et_pb_column type=&#8220;1_4&#8243; _builder_version=&#8220;4.27.0&#8243; _module_preset=&#8220;default&#8220; global_colors_info=&#8220;{}&#8220;][et_pb_image src=&#8220;https:\/\/test.jeker.eu\/wp-content\/uploads\/2024\/08\/P1013711-300&#215;225-1.jpg&#8220; title_text=&#8220;P1013711-300&#215;225&#8243; align=&#8220;right&#8220; _builder_version=&#8220;4.27.0&#8243; _module_preset=&#8220;default&#8220; global_colors_info=&#8220;{}&#8220;][\/et_pb_image][et_pb_image src=&#8220;https:\/\/test.jeker.eu\/wp-content\/uploads\/2024\/08\/P1013728-300&#215;225-1.jpg&#8220; title_text=&#8220;P1013728-300&#215;225&#8243; align=&#8220;right&#8220; _builder_version=&#8220;4.27.0&#8243; _module_preset=&#8220;default&#8220; border_color_all=&#8220;#FFFFFF&#8220; border_width_top=&#8220;15px&#8220; global_colors_info=&#8220;{}&#8220;][\/et_pb_image][\/et_pb_column][et_pb_column type=&#8220;1_4&#8243; _builder_version=&#8220;4.27.0&#8243; _module_preset=&#8220;default&#8220; global_colors_info=&#8220;{}&#8220;][\/et_pb_column][et_pb_column type=&#8220;1_4&#8243; _builder_version=&#8220;4.27.0&#8243; _module_preset=&#8220;default&#8220; global_colors_info=&#8220;{}&#8220;][et_pb_text _builder_version=&#8220;4.27.0&#8243; _module_preset=&#8220;default&#8220; global_colors_info=&#8220;{}&#8220;]<\/p>\n<p>Wasser auf den Quai<br \/>Die M\u00f6blierung der Brienzer Visitenstube, des Quais, mit der sch\u00f6nen Aussicht auf See und Berge wird aus drei Elementen bestehen: Wasser, Pflanzen und Infrastruktur. Zur Infrastruktur z\u00e4hlt ein Holzsteg in Wassern\u00e4he, z\u00e4hlen Sitzm\u00f6bel, Beleuchtung, Toilettenpavillons, eine Pergola in Lindellen, Tafeln f\u00fcr die Besucherinformation, themenbezogene Spielger\u00e4te f\u00fcr Kinder und Erwachsene. Das Element, das die Gestaltung auf der ganzen L\u00e4nge pr\u00e4gen soll, ist das Wasser. Es wird gewissermassen auf den Quai geholt. Die Inszenierung des Wassers k\u00f6nnte mit einem Springbrunnen im See in Lindellen beginnen und mit einem Wasservorhang bei der Schiffl\u00e4nde enden.<br \/>\u201cAuszug aus Pressebericht Jungfrauzeitung vom 3.November 2007\u201d<\/p>\n<p>[\/et_pb_text][\/et_pb_column][\/et_pb_row][et_pb_row column_structure=&#8220;1_2,1_2&#8243; use_custom_gutter=&#8220;on&#8220; _builder_version=&#8220;4.27.0&#8243; _module_preset=&#8220;default&#8220; min_height=&#8220;359.3px&#8220; custom_padding=&#8220;||6px|||&#8220; global_colors_info=&#8220;{}&#8220;][et_pb_column type=&#8220;1_2&#8243; _builder_version=&#8220;4.27.0&#8243; _module_preset=&#8220;default&#8220; global_colors_info=&#8220;{}&#8220;][et_pb_image _builder_version=&#8220;4.27.0&#8243; _module_preset=&#8220;default&#8220; title_text=&#8220;P1016638-1-1024&#215;768&#8243; src=&#8220;https:\/\/test.jeker.eu\/wp-content\/uploads\/2024\/08\/P1016638-1-1024&#215;768-1-e1725610160993.jpg&#8220; hover_enabled=&#8220;0&#8243; sticky_enabled=&#8220;0&#8243;][\/et_pb_image][\/et_pb_column][et_pb_column type=&#8220;1_2&#8243; _builder_version=&#8220;4.27.0&#8243; _module_preset=&#8220;default&#8220; global_colors_info=&#8220;{}&#8220;][et_pb_image _builder_version=&#8220;4.27.0&#8243; _module_preset=&#8220;default&#8220; title_text=&#8220;P1013720-1024&#215;768&#8243; src=&#8220;https:\/\/test.jeker.eu\/wp-content\/uploads\/2024\/08\/P1013720-1024&#215;768-1-e1725610179157.jpg&#8220; hover_enabled=&#8220;0&#8243; sticky_enabled=&#8220;0&#8243;][\/et_pb_image][\/et_pb_column][\/et_pb_row][\/et_pb_section]<\/p>\n","protected":false},"excerpt":{"rendered":"<p>Quai Brienz2007Wasser auf den QuaiDie M\u00f6blierung der Brienzer Visitenstube, des Quais, mit der sch\u00f6nen Aussicht auf See und Berge wird aus drei Elementen bestehen: Wasser, Pflanzen und Infrastruktur. Zur Infrastruktur z\u00e4hlt ein Holzsteg in Wassern\u00e4he, z\u00e4hlen Sitzm\u00f6bel, Beleuchtung, Toilettenpavillons, eine Pergola in Lindellen, Tafeln f\u00fcr die Besucherinformation, themenbezogene Spielger\u00e4te f\u00fcr Kinder und Erwachsene. Das Element, [&hellip;]<\/p>\n","protected":false},"author":1,"featured_media":0,"parent":0,"menu_order":0,"comment_status":"closed","ping_status":"closed","template":"","meta":{"_et_pb_use_builder":"on","_et_pb_old_content":"","_et_gb_content_width":"","footnotes":""},"class_list":["post-339","page","type-page","status-publish","hentry"],"aioseo_notices":[],"_links":{"self":[{"href":"https:\/\/test.jeker.eu\/index.php\/wp-json\/wp\/v2\/pages\/339","targetHints":{"allow":["GET"]}}],"collection":[{"href":"https:\/\/test.jeker.eu\/index.php\/wp-json\/wp\/v2\/pages"}],"about":[{"href":"https:\/\/test.jeker.eu\/index.php\/wp-json\/wp\/v2\/types\/page"}],"author":[{"embeddable":true,"href":"https:\/\/test.jeker.eu\/index.php\/wp-json\/wp\/v2\/users\/1"}],"replies":[{"embeddable":true,"href":"https:\/\/test.jeker.eu\/index.php\/wp-json\/wp\/v2\/comments?post=339"}],"version-history":[{"count":6,"href":"https:\/\/test.jeker.eu\/index.php\/wp-json\/wp\/v2\/pages\/339\/revisions"}],"predecessor-version":[{"id":1056,"href":"https:\/\/test.jeker.eu\/index.php\/wp-json\/wp\/v2\/pages\/339\/revisions\/1056"}],"wp:attachment":[{"href":"https:\/\/test.jeker.eu\/index.php\/wp-json\/wp\/v2\/media?parent=339"}],"curies":[{"name":"wp","href":"https:\/\/api.w.org\/{rel}","templated":true}]}}