{"id":345,"date":"2024-08-18T10:22:58","date_gmt":"2024-08-18T10:22:58","guid":{"rendered":"https:\/\/test.jeker.eu\/?page_id=345"},"modified":"2024-09-06T08:25:55","modified_gmt":"2024-09-06T08:25:55","slug":"alterspflegeheim-region-burgdorf","status":"publish","type":"page","link":"https:\/\/test.jeker.eu\/index.php\/alterspflegeheim-region-burgdorf\/","title":{"rendered":"Alterspflegeheim Region Burgdorf"},"content":{"rendered":"<p>[et_pb_section fb_built=&#8220;1&#8243; _builder_version=&#8220;4.27.0&#8243; _module_preset=&#8220;default&#8220; global_colors_info=&#8220;{}&#8220;][et_pb_row column_structure=&#8220;1_4,1_4,1_4,1_4&#8243; _builder_version=&#8220;4.27.0&#8243; _module_preset=&#8220;default&#8220; hover_enabled=&#8220;0&#8243; global_colors_info=&#8220;{}&#8220; use_custom_gutter=&#8220;on&#8220; sticky_enabled=&#8220;0&#8243;][et_pb_column type=&#8220;1_4&#8243; _builder_version=&#8220;4.27.0&#8243; _module_preset=&#8220;default&#8220; global_colors_info=&#8220;{}&#8220;][et_pb_text _builder_version=&#8220;4.27.0&#8243; _module_preset=&#8220;default&#8220; global_colors_info=&#8220;{}&#8220;]<\/p>\n<p><strong>Alterspflegeheim Region Burgdorf<br \/>Umgestaltung Gartenanlage 2003-2008,<br \/>Garten f\u00fcr Demenzkranke,<br \/>Erweiterung 2015 in Bearbeitung<\/strong><\/p>\n<p>[\/et_pb_text][\/et_pb_column][et_pb_column type=&#8220;1_4&#8243; _builder_version=&#8220;4.27.0&#8243; _module_preset=&#8220;default&#8220; global_colors_info=&#8220;{}&#8220;][et_pb_image src=&#8220;https:\/\/test.jeker.eu\/wp-content\/uploads\/2024\/08\/Perspektive1-300&#215;199-1.jpg&#8220; title_text=&#8220;Perspektive1-300&#215;199&#8243; align=&#8220;right&#8220; _builder_version=&#8220;4.27.0&#8243; _module_preset=&#8220;default&#8220; global_colors_info=&#8220;{}&#8220;][\/et_pb_image][et_pb_divider show_divider=&#8220;off&#8220; _builder_version=&#8220;4.27.0&#8243; _module_preset=&#8220;default&#8220; global_colors_info=&#8220;{}&#8220;][\/et_pb_divider][et_pb_image src=&#8220;https:\/\/test.jeker.eu\/wp-content\/uploads\/2024\/08\/015-300&#215;199-1.jpg&#8220; title_text=&#8220;015-300&#215;199&#8243; align=&#8220;right&#8220; _builder_version=&#8220;4.27.0&#8243; _module_preset=&#8220;default&#8220; global_colors_info=&#8220;{}&#8220;][\/et_pb_image][\/et_pb_column][et_pb_column type=&#8220;1_4&#8243; _builder_version=&#8220;4.27.0&#8243; _module_preset=&#8220;default&#8220; global_colors_info=&#8220;{}&#8220;][\/et_pb_column][et_pb_column type=&#8220;1_4&#8243; _builder_version=&#8220;4.27.0&#8243; _module_preset=&#8220;default&#8220; global_colors_info=&#8220;{}&#8220;][et_pb_text _builder_version=&#8220;4.27.0&#8243; _module_preset=&#8220;default&#8220; global_colors_info=&#8220;{}&#8220;]<\/p>\n<p>In der bestehenden Anlage des APH Burgdorf wurde ein neuer Laufgarten f\u00fcr die Demenzabteilung sowie verschiedene allgemeine Aufenthaltsbereiche geplant und realisiert. Der Garten spricht alle Sinne an und bietet vielf\u00e4ltige M\u00f6glichkeiten f\u00fcr Aufenthalt, Bewegung und Besch\u00e4ftigung. Der Aussenraum ist ganzj\u00e4hrig nutzbar und bietet mit den Jahreszeiten wechsende Aspekte und Impressionen.<br \/>Duftende und farbenfroh bl\u00fchende Pflanzen, Thementische mit Pflanzen und Materialien zum \u201aBegreifen\u2019, ein pl\u00e4tschernder und sich bewegender Brunnen sind nur einige der Elemente die den Raum f\u00fcr einen erf\u00fcllten Lebensabend bieten.<\/p>\n<p>[\/et_pb_text][\/et_pb_column][\/et_pb_row][et_pb_row column_structure=&#8220;1_2,1_2&#8243; use_custom_gutter=&#8220;on&#8220; _builder_version=&#8220;4.27.0&#8243; _module_preset=&#8220;default&#8220; min_height=&#8220;359.3px&#8220; custom_padding=&#8220;||6px|||&#8220; hover_enabled=&#8220;0&#8243; global_colors_info=&#8220;{}&#8220; sticky_enabled=&#8220;0&#8243;][et_pb_column type=&#8220;1_2&#8243; _builder_version=&#8220;4.27.0&#8243; _module_preset=&#8220;default&#8220; global_colors_info=&#8220;{}&#8220;][et_pb_image src=&#8220;https:\/\/test.jeker.eu\/wp-content\/uploads\/2024\/08\/APH_3_1.jpg&#8220; title_text=&#8220;APH_3_1&#8243; align=&#8220;right&#8220; _builder_version=&#8220;4.27.0&#8243; _module_preset=&#8220;default&#8220; global_colors_info=&#8220;{}&#8220;][\/et_pb_image][\/et_pb_column][et_pb_column type=&#8220;1_2&#8243; _builder_version=&#8220;4.27.0&#8243; _module_preset=&#8220;default&#8220; global_colors_info=&#8220;{}&#8220;][et_pb_image src=&#8220;https:\/\/test.jeker.eu\/wp-content\/uploads\/2024\/08\/APH_10_1.jpg&#8220; title_text=&#8220;APH_10_1&#8243; align=&#8220;right&#8220; _builder_version=&#8220;4.27.0&#8243; _module_preset=&#8220;default&#8220; global_colors_info=&#8220;{}&#8220;][\/et_pb_image][\/et_pb_column][\/et_pb_row][\/et_pb_section]<\/p>\n","protected":false},"excerpt":{"rendered":"<p>Alterspflegeheim Region BurgdorfUmgestaltung Gartenanlage 2003-2008,Garten f\u00fcr Demenzkranke,Erweiterung 2015 in BearbeitungIn der bestehenden Anlage des APH Burgdorf wurde ein neuer Laufgarten f\u00fcr die Demenzabteilung sowie verschiedene allgemeine Aufenthaltsbereiche geplant und realisiert. Der Garten spricht alle Sinne an und bietet vielf\u00e4ltige M\u00f6glichkeiten f\u00fcr Aufenthalt, Bewegung und Besch\u00e4ftigung. Der Aussenraum ist ganzj\u00e4hrig nutzbar und bietet mit den Jahreszeiten [&hellip;]<\/p>\n","protected":false},"author":1,"featured_media":0,"parent":0,"menu_order":0,"comment_status":"closed","ping_status":"closed","template":"","meta":{"_et_pb_use_builder":"on","_et_pb_old_content":"","_et_gb_content_width":"","footnotes":""},"class_list":["post-345","page","type-page","status-publish","hentry"],"aioseo_notices":[],"_links":{"self":[{"href":"https:\/\/test.jeker.eu\/index.php\/wp-json\/wp\/v2\/pages\/345","targetHints":{"allow":["GET"]}}],"collection":[{"href":"https:\/\/test.jeker.eu\/index.php\/wp-json\/wp\/v2\/pages"}],"about":[{"href":"https:\/\/test.jeker.eu\/index.php\/wp-json\/wp\/v2\/types\/page"}],"author":[{"embeddable":true,"href":"https:\/\/test.jeker.eu\/index.php\/wp-json\/wp\/v2\/users\/1"}],"replies":[{"embeddable":true,"href":"https:\/\/test.jeker.eu\/index.php\/wp-json\/wp\/v2\/comments?post=345"}],"version-history":[{"count":9,"href":"https:\/\/test.jeker.eu\/index.php\/wp-json\/wp\/v2\/pages\/345\/revisions"}],"predecessor-version":[{"id":1067,"href":"https:\/\/test.jeker.eu\/index.php\/wp-json\/wp\/v2\/pages\/345\/revisions\/1067"}],"wp:attachment":[{"href":"https:\/\/test.jeker.eu\/index.php\/wp-json\/wp\/v2\/media?parent=345"}],"curies":[{"name":"wp","href":"https:\/\/api.w.org\/{rel}","templated":true}]}}