{"id":362,"date":"2024-08-18T10:44:39","date_gmt":"2024-08-18T10:44:39","guid":{"rendered":"https:\/\/test.jeker.eu\/?page_id=362"},"modified":"2024-09-06T08:26:55","modified_gmt":"2024-09-06T08:26:55","slug":"seniorenresidenz-talgut-ittigen","status":"publish","type":"page","link":"https:\/\/test.jeker.eu\/index.php\/seniorenresidenz-talgut-ittigen\/","title":{"rendered":"Seniorenresidenz Talgut Ittigen"},"content":{"rendered":"<p>[et_pb_section fb_built=&#8220;1&#8243; _builder_version=&#8220;4.27.0&#8243; _module_preset=&#8220;default&#8220; global_colors_info=&#8220;{}&#8220;][et_pb_row column_structure=&#8220;1_4,1_4,1_4,1_4&#8243; _builder_version=&#8220;4.27.0&#8243; _module_preset=&#8220;default&#8220; hover_enabled=&#8220;0&#8243; global_colors_info=&#8220;{}&#8220; use_custom_gutter=&#8220;on&#8220; sticky_enabled=&#8220;0&#8243;][et_pb_column type=&#8220;1_4&#8243; _builder_version=&#8220;4.27.0&#8243; _module_preset=&#8220;default&#8220; global_colors_info=&#8220;{}&#8220;][et_pb_text _builder_version=&#8220;4.27.0&#8243; _module_preset=&#8220;default&#8220; global_colors_info=&#8220;{}&#8220;]<\/p>\n<p><strong>Seniorenresidenz Talgut Ittigen<br \/>Erlebnisgarten 2012-2013<\/strong><\/p>\n<p>[\/et_pb_text][\/et_pb_column][et_pb_column type=&#8220;1_4&#8243; _builder_version=&#8220;4.27.0&#8243; _module_preset=&#8220;default&#8220; global_colors_info=&#8220;{}&#8220;][et_pb_image src=&#8220;https:\/\/test.jeker.eu\/wp-content\/uploads\/2024\/08\/IMG_3253-300&#215;199-1.jpg&#8220; title_text=&#8220;IMG_3253-300&#215;199&#8243; align=&#8220;right&#8220; _builder_version=&#8220;4.27.0&#8243; _module_preset=&#8220;default&#8220; global_colors_info=&#8220;{}&#8220;][\/et_pb_image][et_pb_divider show_divider=&#8220;off&#8220; _builder_version=&#8220;4.27.0&#8243; _module_preset=&#8220;default&#8220; global_colors_info=&#8220;{}&#8220;][\/et_pb_divider][et_pb_image src=&#8220;https:\/\/test.jeker.eu\/wp-content\/uploads\/2024\/08\/IMG_3248-300&#215;199-1.jpg&#8220; title_text=&#8220;IMG_3248-300&#215;199&#8243; align=&#8220;right&#8220; _builder_version=&#8220;4.27.0&#8243; _module_preset=&#8220;default&#8220; global_colors_info=&#8220;{}&#8220;][\/et_pb_image][\/et_pb_column][et_pb_column type=&#8220;1_4&#8243; _builder_version=&#8220;4.27.0&#8243; _module_preset=&#8220;default&#8220; global_colors_info=&#8220;{}&#8220;][\/et_pb_column][et_pb_column type=&#8220;1_4&#8243; _builder_version=&#8220;4.27.0&#8243; _module_preset=&#8220;default&#8220; global_colors_info=&#8220;{}&#8220;][et_pb_text _builder_version=&#8220;4.27.0&#8243; _module_preset=&#8220;default&#8220; global_colors_info=&#8220;{}&#8220;]<\/p>\n<p>Auf einer ungenutzten Gr\u00fcnfl\u00e4che bei einer bestehenden Seniorenresidenz wurde eine neue Gartenanlage geplant und realisiert.<br \/>Die kompakte Anlage bietet auf kleinen Raum ein vielf\u00e4ltiges Angebot. F\u00fcr Spiel und Bewegung gibt es ein Schach- und ein M\u00fchlespiel sowie einen Rundweg. Dieser verl\u00e4uft abwechslungsreich unter Rankb\u00f6gen, entlang von Staudenbeeten, vorbei an einer Rosenlaube und einem verspielten Brunnen. Zahlreiche Sitzgelegenheiten laden zum Rasten und Verweilen ein. Attraktive Bepflanzung mit Stauden, Kletterpflanzen und Bl\u00fctengeh\u00f6lzen bringt Duft und Farbe in den Garten und zeigt den jahreszeitlichen Wechsel.<br \/>Ein grosser Pavillon mit Vorplatz bietet Raum f\u00fcr gemeinsame Veranstaltungen.<\/p>\n<p>[\/et_pb_text][\/et_pb_column][\/et_pb_row][et_pb_row _builder_version=&#8220;4.27.0&#8243; _module_preset=&#8220;default&#8220; min_height=&#8220;359.3px&#8220; custom_padding=&#8220;||6px|||&#8220; global_colors_info=&#8220;{}&#8220;][et_pb_column type=&#8220;4_4&#8243; _builder_version=&#8220;4.27.0&#8243; _module_preset=&#8220;default&#8220; global_colors_info=&#8220;{}&#8220;][et_pb_image src=&#8220;https:\/\/test.jeker.eu\/wp-content\/uploads\/2024\/08\/Talgut_1_1.jpg&#8220; title_text=&#8220;Talgut_1_1&#8243; _builder_version=&#8220;4.27.0&#8243; _module_preset=&#8220;default&#8220; global_colors_info=&#8220;{}&#8220;][\/et_pb_image][\/et_pb_column][\/et_pb_row][\/et_pb_section]<\/p>\n","protected":false},"excerpt":{"rendered":"<p>Seniorenresidenz Talgut IttigenErlebnisgarten 2012-2013Auf einer ungenutzten Gr\u00fcnfl\u00e4che bei einer bestehenden Seniorenresidenz wurde eine neue Gartenanlage geplant und realisiert.Die kompakte Anlage bietet auf kleinen Raum ein vielf\u00e4ltiges Angebot. F\u00fcr Spiel und Bewegung gibt es ein Schach- und ein M\u00fchlespiel sowie einen Rundweg. Dieser verl\u00e4uft abwechslungsreich unter Rankb\u00f6gen, entlang von Staudenbeeten, vorbei an einer Rosenlaube und einem [&hellip;]<\/p>\n","protected":false},"author":1,"featured_media":0,"parent":0,"menu_order":0,"comment_status":"closed","ping_status":"closed","template":"","meta":{"_et_pb_use_builder":"on","_et_pb_old_content":"","_et_gb_content_width":"","footnotes":""},"class_list":["post-362","page","type-page","status-publish","hentry"],"aioseo_notices":[],"_links":{"self":[{"href":"https:\/\/test.jeker.eu\/index.php\/wp-json\/wp\/v2\/pages\/362","targetHints":{"allow":["GET"]}}],"collection":[{"href":"https:\/\/test.jeker.eu\/index.php\/wp-json\/wp\/v2\/pages"}],"about":[{"href":"https:\/\/test.jeker.eu\/index.php\/wp-json\/wp\/v2\/types\/page"}],"author":[{"embeddable":true,"href":"https:\/\/test.jeker.eu\/index.php\/wp-json\/wp\/v2\/users\/1"}],"replies":[{"embeddable":true,"href":"https:\/\/test.jeker.eu\/index.php\/wp-json\/wp\/v2\/comments?post=362"}],"version-history":[{"count":5,"href":"https:\/\/test.jeker.eu\/index.php\/wp-json\/wp\/v2\/pages\/362\/revisions"}],"predecessor-version":[{"id":1068,"href":"https:\/\/test.jeker.eu\/index.php\/wp-json\/wp\/v2\/pages\/362\/revisions\/1068"}],"wp:attachment":[{"href":"https:\/\/test.jeker.eu\/index.php\/wp-json\/wp\/v2\/media?parent=362"}],"curies":[{"name":"wp","href":"https:\/\/api.w.org\/{rel}","templated":true}]}}