{"id":372,"date":"2024-08-18T10:50:16","date_gmt":"2024-08-18T10:50:16","guid":{"rendered":"https:\/\/test.jeker.eu\/?page_id=372"},"modified":"2024-09-06T08:33:56","modified_gmt":"2024-09-06T08:33:56","slug":"domicil-fuer-senioren-bethlehemacker","status":"publish","type":"page","link":"https:\/\/test.jeker.eu\/index.php\/domicil-fuer-senioren-bethlehemacker\/","title":{"rendered":"Domicil f\u00fcr Senioren Bethlehemacker"},"content":{"rendered":"<p>[et_pb_section fb_built=&#8220;1&#8243; _builder_version=&#8220;4.27.0&#8243; _module_preset=&#8220;default&#8220; global_colors_info=&#8220;{}&#8220;][et_pb_row column_structure=&#8220;1_4,1_4,1_4,1_4&#8243; use_custom_gutter=&#8220;on&#8220; _builder_version=&#8220;4.27.0&#8243; _module_preset=&#8220;default&#8220; global_colors_info=&#8220;{}&#8220;][et_pb_column type=&#8220;1_4&#8243; _builder_version=&#8220;4.27.0&#8243; _module_preset=&#8220;default&#8220; global_colors_info=&#8220;{}&#8220;][et_pb_text _builder_version=&#8220;4.27.0&#8243; _module_preset=&#8220;default&#8220; global_colors_info=&#8220;{}&#8220;]<\/p>\n<p><strong>Domicil f\u00fcr Senioren Bethlehemacker, Bern<br \/>Garten f\u00fcr Demenzkranke, 2004-2008<\/strong><\/p>\n<p>[\/et_pb_text][\/et_pb_column][et_pb_column type=&#8220;1_4&#8243; _builder_version=&#8220;4.27.0&#8243; _module_preset=&#8220;default&#8220; global_colors_info=&#8220;{}&#8220;][et_pb_image src=&#8220;https:\/\/test.jeker.eu\/wp-content\/uploads\/2024\/08\/Bethlehem_3-300&#215;173-2.jpg&#8220; title_text=&#8220;Bethlehem_3-300&#215;173&#8243; align=&#8220;right&#8220; _builder_version=&#8220;4.27.0&#8243; _module_preset=&#8220;default&#8220; global_colors_info=&#8220;{}&#8220;][\/et_pb_image][et_pb_divider show_divider=&#8220;off&#8220; _builder_version=&#8220;4.27.0&#8243; _module_preset=&#8220;default&#8220; global_colors_info=&#8220;{}&#8220;][\/et_pb_divider][et_pb_image src=&#8220;https:\/\/test.jeker.eu\/wp-content\/uploads\/2024\/08\/Bethlehem_5-300&#215;173-1.jpg&#8220; title_text=&#8220;Bethlehem_5-300&#215;173&#8243; align=&#8220;right&#8220; _builder_version=&#8220;4.27.0&#8243; _module_preset=&#8220;default&#8220; global_colors_info=&#8220;{}&#8220;][\/et_pb_image][\/et_pb_column][et_pb_column type=&#8220;1_4&#8243; _builder_version=&#8220;4.27.0&#8243; _module_preset=&#8220;default&#8220; global_colors_info=&#8220;{}&#8220;][\/et_pb_column][et_pb_column type=&#8220;1_4&#8243; _builder_version=&#8220;4.27.0&#8243; _module_preset=&#8220;default&#8220; global_colors_info=&#8220;{}&#8220;][et_pb_text _builder_version=&#8220;4.27.0&#8243; _module_preset=&#8220;default&#8220; global_colors_info=&#8220;{}&#8220;]<\/p>\n<p>Ein Rundweg mit kleinen Platzfl\u00e4chen und vielen seniorengerechten Sitzb\u00e4nken geben Raum f\u00fcr Spazierg\u00e4nge und zum Verweilen.<br \/>Rollstuhlgerechte erh\u00f6hte Pflanztische und ein Wassertisch bieten Besch\u00e4ftigungsm\u00f6glichkeiten mit Wasser und Pflanzen auch bei eingeschr\u00e4nkter Bewegungsf\u00e4higkeit.<br \/>Ein Pavillon mit Grillstelle und Sitzgruppen dient gemeinsamen Veranstaltungen und Festlichkeiten. Die sehr hochwertige und aufwendige Bepflanzung pr\u00e4sentiert sich das ganze Jahr hindurch mit vielf\u00e4ltigen Farben und Ger\u00fcchen und l\u00e4sst den Besucher im relativ kleinen Garten im jahreszeitlichen Wechsel stets neues entdecken.<br \/>Durch eine gute und attraktive Beleuchtung ist der Garten auch abends nutzbar und bietet stimmungsvolle Impressionen.<br \/>Selbstverst\u00e4ndlich ist die gesamte Anlage barrierefrei rollstuhlgerecht gestaltet und frei von giftigen Pflanzen und sonstigen Gefahren.<\/p>\n<p>[\/et_pb_text][\/et_pb_column][\/et_pb_row][et_pb_row column_structure=&#8220;1_2,1_2&#8243; use_custom_gutter=&#8220;on&#8220; _builder_version=&#8220;4.27.0&#8243; _module_preset=&#8220;default&#8220; min_height=&#8220;359.3px&#8220; custom_padding=&#8220;||6px|||&#8220; global_colors_info=&#8220;{}&#8220;][et_pb_column type=&#8220;1_2&#8243; _builder_version=&#8220;4.27.0&#8243; _module_preset=&#8220;default&#8220; global_colors_info=&#8220;{}&#8220;][et_pb_image _builder_version=&#8220;4.27.0&#8243; _module_preset=&#8220;default&#8220; title_text=&#8220;Bethlehem_1-1024&#215;614&#8243; src=&#8220;https:\/\/test.jeker.eu\/wp-content\/uploads\/2024\/08\/Bethlehem_1-1024&#215;614-1-e1725611568920.jpg&#8220; hover_enabled=&#8220;0&#8243; sticky_enabled=&#8220;0&#8243;][\/et_pb_image][\/et_pb_column][et_pb_column type=&#8220;1_2&#8243; _builder_version=&#8220;4.27.0&#8243; _module_preset=&#8220;default&#8220; global_colors_info=&#8220;{}&#8220;][et_pb_image src=&#8220;https:\/\/test.jeker.eu\/wp-content\/uploads\/2024\/08\/Bethlehemacker1-1024&#215;680-1-e1725611367215.jpg&#8220; title_text=&#8220;Bethlehemacker1-1024&#215;680&#8243; _builder_version=&#8220;4.27.0&#8243; _module_preset=&#8220;default&#8220; global_colors_info=&#8220;{}&#8220;][\/et_pb_image][\/et_pb_column][\/et_pb_row][\/et_pb_section]<\/p>\n","protected":false},"excerpt":{"rendered":"<p>Domicil f\u00fcr Senioren Bethlehemacker, BernGarten f\u00fcr Demenzkranke, 2004-2008Ein Rundweg mit kleinen Platzfl\u00e4chen und vielen seniorengerechten Sitzb\u00e4nken geben Raum f\u00fcr Spazierg\u00e4nge und zum Verweilen.Rollstuhlgerechte erh\u00f6hte Pflanztische und ein Wassertisch bieten Besch\u00e4ftigungsm\u00f6glichkeiten mit Wasser und Pflanzen auch bei eingeschr\u00e4nkter Bewegungsf\u00e4higkeit.Ein Pavillon mit Grillstelle und Sitzgruppen dient gemeinsamen Veranstaltungen und Festlichkeiten. Die sehr hochwertige und aufwendige Bepflanzung pr\u00e4sentiert [&hellip;]<\/p>\n","protected":false},"author":1,"featured_media":0,"parent":0,"menu_order":0,"comment_status":"closed","ping_status":"closed","template":"","meta":{"_et_pb_use_builder":"on","_et_pb_old_content":"","_et_gb_content_width":"","footnotes":""},"class_list":["post-372","page","type-page","status-publish","hentry"],"aioseo_notices":[],"_links":{"self":[{"href":"https:\/\/test.jeker.eu\/index.php\/wp-json\/wp\/v2\/pages\/372","targetHints":{"allow":["GET"]}}],"collection":[{"href":"https:\/\/test.jeker.eu\/index.php\/wp-json\/wp\/v2\/pages"}],"about":[{"href":"https:\/\/test.jeker.eu\/index.php\/wp-json\/wp\/v2\/types\/page"}],"author":[{"embeddable":true,"href":"https:\/\/test.jeker.eu\/index.php\/wp-json\/wp\/v2\/users\/1"}],"replies":[{"embeddable":true,"href":"https:\/\/test.jeker.eu\/index.php\/wp-json\/wp\/v2\/comments?post=372"}],"version-history":[{"count":6,"href":"https:\/\/test.jeker.eu\/index.php\/wp-json\/wp\/v2\/pages\/372\/revisions"}],"predecessor-version":[{"id":1071,"href":"https:\/\/test.jeker.eu\/index.php\/wp-json\/wp\/v2\/pages\/372\/revisions\/1071"}],"wp:attachment":[{"href":"https:\/\/test.jeker.eu\/index.php\/wp-json\/wp\/v2\/media?parent=372"}],"curies":[{"name":"wp","href":"https:\/\/api.w.org\/{rel}","templated":true}]}}