{"id":382,"date":"2024-08-18T11:00:53","date_gmt":"2024-08-18T11:00:53","guid":{"rendered":"https:\/\/test.jeker.eu\/?page_id=382"},"modified":"2024-09-06T08:44:04","modified_gmt":"2024-09-06T08:44:04","slug":"seniorenresidenz-burdlef-burgdorf","status":"publish","type":"page","link":"https:\/\/test.jeker.eu\/index.php\/seniorenresidenz-burdlef-burgdorf\/","title":{"rendered":"Seniorenresidenz &#8222;Burdlef&#8220;, Burgdorf"},"content":{"rendered":"<p>[et_pb_section fb_built=&#8220;1&#8243; _builder_version=&#8220;4.27.0&#8243; _module_preset=&#8220;default&#8220; global_colors_info=&#8220;{}&#8220;][et_pb_row column_structure=&#8220;1_4,1_4,1_4,1_4&#8243; use_custom_gutter=&#8220;on&#8220; _builder_version=&#8220;4.27.0&#8243; _module_preset=&#8220;default&#8220; global_colors_info=&#8220;{}&#8220;][et_pb_column type=&#8220;1_4&#8243; _builder_version=&#8220;4.27.0&#8243; _module_preset=&#8220;default&#8220; global_colors_info=&#8220;{}&#8220;][et_pb_text _builder_version=&#8220;4.27.0&#8243; _module_preset=&#8220;default&#8220; global_colors_info=&#8220;{}&#8220;]<\/p>\n<p><strong>Seniorenresidenz &#8218;Burdlef&#8216;, Burgdorf<br \/>Neubau Senevita AG 2001-2006<\/strong><\/p>\n<p>[\/et_pb_text][\/et_pb_column][et_pb_column type=&#8220;1_4&#8243; _builder_version=&#8220;4.27.0&#8243; _module_preset=&#8220;default&#8220; global_colors_info=&#8220;{}&#8220;][et_pb_image src=&#8220;https:\/\/test.jeker.eu\/wp-content\/uploads\/2024\/08\/Burdlef_7-300&#215;173-1.jpg&#8220; title_text=&#8220;Burdlef_7-300&#215;173&#8243; align=&#8220;right&#8220; _builder_version=&#8220;4.27.0&#8243; _module_preset=&#8220;default&#8220; global_colors_info=&#8220;{}&#8220;][\/et_pb_image][et_pb_divider show_divider=&#8220;off&#8220; _builder_version=&#8220;4.27.0&#8243; _module_preset=&#8220;default&#8220; global_colors_info=&#8220;{}&#8220;][\/et_pb_divider][et_pb_image src=&#8220;https:\/\/test.jeker.eu\/wp-content\/uploads\/2024\/08\/Burdlef_5-300&#215;173-2.jpg&#8220; title_text=&#8220;Burdlef_5-300&#215;173&#8243; align=&#8220;right&#8220; _builder_version=&#8220;4.27.0&#8243; _module_preset=&#8220;default&#8220; global_colors_info=&#8220;{}&#8220;][\/et_pb_image][\/et_pb_column][et_pb_column type=&#8220;1_4&#8243; _builder_version=&#8220;4.27.0&#8243; _module_preset=&#8220;default&#8220; global_colors_info=&#8220;{}&#8220;][et_pb_text _builder_version=&#8220;4.27.0&#8243; _module_preset=&#8220;default&#8220; border_color_all=&#8220;#FFFFFF&#8220; border_width_right=&#8220;15px&#8220; border_width_left=&#8220;15px&#8220; global_colors_info=&#8220;{}&#8220;]<\/p>\n<p>Das neu erstellte Ensemble aus vier Bauk\u00f6rpern unterteilt den Aussenraum in drei offene H\u00f6fe. Diese wurden formal \u00e4hnlich mit unterschiedlichen Grundthemen gestaltet.<br \/>Der erste und gr\u00f6sste Hof steht unter dem Thema \u201aNutzpflanzen\u2019. Duftende Beete mit Heil- und K\u00fcchenkr\u00e4utern, Obstb\u00e4ume und ein Wasserbecken mit Brunnenkresse umrahmen die Aussensitzpl\u00e4tze von Cafeteria und Restaurant. Daneben gibt es auch noch einen Pavillon mit Grillstelle f\u00fcr gemeinsame Grillabende.<br \/>Im zweiten Hof sind \u201aZierpflanzen\u2019 das Leitthema. Rabatten mit Prachtstauden, Rankb\u00f6gen mit Kletterrosen und Clematis sowie bl\u00fctenreiche Ziergeh\u00f6lze bieten einen attraktiven und ruhigen Aufenthaltsort mit altersgerechten Sitzb\u00e4nken.<\/p>\n<p>[\/et_pb_text][\/et_pb_column][et_pb_column type=&#8220;1_4&#8243; _builder_version=&#8220;4.27.0&#8243; _module_preset=&#8220;default&#8220; global_colors_info=&#8220;{}&#8220;][et_pb_text _builder_version=&#8220;4.27.0&#8243; _module_preset=&#8220;default&#8220; global_colors_info=&#8220;{}&#8220;]<\/p>\n<p>Der dritte Hof wurde unter dem Aspekt der \u201aWildpflanzen\u2019 gestaltet. Eine Teichanlage mit heimischen Sumpf- und Wasserpflanzen sowie heimische Geh\u00f6lze bilden einen \u00f6kologisch wertvollen Bereich mit hoher Aufenthaltsqualit\u00e4t.<br \/>Ein geschwungener Spazierweg verbindet die H\u00f6fe. Niedere geschnittene Hecken trennen die Aussensitzpl\u00e4tze der Alterswohnungen vom Gemeinschaftsbereich ohne den Raum zu zerschneiden. Eine hochwertige Aussenbeleuchtung l\u00e4sst die Gartenanlage auch abends zum Blickfang werden.<\/p>\n<p>[\/et_pb_text][\/et_pb_column][\/et_pb_row][et_pb_row column_structure=&#8220;1_2,1_2&#8243; use_custom_gutter=&#8220;on&#8220; _builder_version=&#8220;4.27.0&#8243; _module_preset=&#8220;default&#8220; min_height=&#8220;359.3px&#8220; custom_padding=&#8220;||6px|||&#8220; global_colors_info=&#8220;{}&#8220;][et_pb_column type=&#8220;1_2&#8243; _builder_version=&#8220;4.27.0&#8243; _module_preset=&#8220;default&#8220; global_colors_info=&#8220;{}&#8220;][et_pb_image src=&#8220;https:\/\/test.jeker.eu\/wp-content\/uploads\/2024\/08\/Burdlef_1-e1725612010887.jpg&#8220; title_text=&#8220;Burdlef_1&#8243; _builder_version=&#8220;4.27.0&#8243; _module_preset=&#8220;default&#8220; global_colors_info=&#8220;{}&#8220;][\/et_pb_image][\/et_pb_column][et_pb_column type=&#8220;1_2&#8243; _builder_version=&#8220;4.27.0&#8243; _module_preset=&#8220;default&#8220; global_colors_info=&#8220;{}&#8220;][et_pb_image _builder_version=&#8220;4.27.0&#8243; _module_preset=&#8220;default&#8220; title_text=&#8220;IMG_4098-e1423580243649&#8243; src=&#8220;https:\/\/test.jeker.eu\/wp-content\/uploads\/2024\/08\/IMG_4098-e1725612188257.jpg&#8220; hover_enabled=&#8220;0&#8243; sticky_enabled=&#8220;0&#8243;][\/et_pb_image][\/et_pb_column][\/et_pb_row][\/et_pb_section]<\/p>\n","protected":false},"excerpt":{"rendered":"<p>Seniorenresidenz &#8218;Burdlef&#8216;, BurgdorfNeubau Senevita AG 2001-2006Das neu erstellte Ensemble aus vier Bauk\u00f6rpern unterteilt den Aussenraum in drei offene H\u00f6fe. Diese wurden formal \u00e4hnlich mit unterschiedlichen Grundthemen gestaltet.Der erste und gr\u00f6sste Hof steht unter dem Thema \u201aNutzpflanzen\u2019. Duftende Beete mit Heil- und K\u00fcchenkr\u00e4utern, Obstb\u00e4ume und ein Wasserbecken mit Brunnenkresse umrahmen die Aussensitzpl\u00e4tze von Cafeteria und Restaurant. [&hellip;]<\/p>\n","protected":false},"author":1,"featured_media":0,"parent":0,"menu_order":0,"comment_status":"closed","ping_status":"closed","template":"","meta":{"_et_pb_use_builder":"on","_et_pb_old_content":"","_et_gb_content_width":"","footnotes":""},"class_list":["post-382","page","type-page","status-publish","hentry"],"aioseo_notices":[],"_links":{"self":[{"href":"https:\/\/test.jeker.eu\/index.php\/wp-json\/wp\/v2\/pages\/382","targetHints":{"allow":["GET"]}}],"collection":[{"href":"https:\/\/test.jeker.eu\/index.php\/wp-json\/wp\/v2\/pages"}],"about":[{"href":"https:\/\/test.jeker.eu\/index.php\/wp-json\/wp\/v2\/types\/page"}],"author":[{"embeddable":true,"href":"https:\/\/test.jeker.eu\/index.php\/wp-json\/wp\/v2\/users\/1"}],"replies":[{"embeddable":true,"href":"https:\/\/test.jeker.eu\/index.php\/wp-json\/wp\/v2\/comments?post=382"}],"version-history":[{"count":9,"href":"https:\/\/test.jeker.eu\/index.php\/wp-json\/wp\/v2\/pages\/382\/revisions"}],"predecessor-version":[{"id":1076,"href":"https:\/\/test.jeker.eu\/index.php\/wp-json\/wp\/v2\/pages\/382\/revisions\/1076"}],"wp:attachment":[{"href":"https:\/\/test.jeker.eu\/index.php\/wp-json\/wp\/v2\/media?parent=382"}],"curies":[{"name":"wp","href":"https:\/\/api.w.org\/{rel}","templated":true}]}}