{"id":412,"date":"2024-08-18T11:38:23","date_gmt":"2024-08-18T11:38:23","guid":{"rendered":"https:\/\/test.jeker.eu\/?page_id=412"},"modified":"2024-09-06T08:54:22","modified_gmt":"2024-09-06T08:54:22","slug":"ess-urtenen-schoenbuehl","status":"publish","type":"page","link":"https:\/\/test.jeker.eu\/index.php\/ess-urtenen-schoenbuehl\/","title":{"rendered":"ESS Urtenen-Sch\u00f6nb\u00fchl"},"content":{"rendered":"<p>[et_pb_section fb_built=&#8220;1&#8243; _builder_version=&#8220;4.27.0&#8243; _module_preset=&#8220;default&#8220; global_colors_info=&#8220;{}&#8220;][et_pb_row column_structure=&#8220;1_4,1_4,1_4,1_4&#8243; _builder_version=&#8220;4.27.0&#8243; _module_preset=&#8220;default&#8220; hover_enabled=&#8220;0&#8243; global_colors_info=&#8220;{}&#8220; use_custom_gutter=&#8220;on&#8220; sticky_enabled=&#8220;0&#8243;][et_pb_column type=&#8220;1_4&#8243; _builder_version=&#8220;4.27.0&#8243; _module_preset=&#8220;default&#8220; global_colors_info=&#8220;{}&#8220;][et_pb_text _builder_version=&#8220;4.27.0&#8243; _module_preset=&#8220;default&#8220; global_colors_info=&#8220;{}&#8220;]<\/p>\n<p><strong>ESS (Entflechtung Schiene-Strasse)<\/strong><br \/><strong>Info- und Ortsbildkonzept, Urtenen-Sch\u00f6nb\u00fchl<\/strong><br \/><strong>Konzept \/ Projekt \/ Bauprojekt 1997-2004<\/strong><br \/><strong>Ausf\u00fchrung in Etappen 1999-2005<\/strong><\/p>\n<p>[\/et_pb_text][\/et_pb_column][et_pb_column type=&#8220;1_4&#8243; _builder_version=&#8220;4.27.0&#8243; _module_preset=&#8220;default&#8220; global_colors_info=&#8220;{}&#8220;][et_pb_image src=&#8220;https:\/\/test.jeker.eu\/wp-content\/uploads\/2024\/08\/ESS_5-300&#215;177-2.jpg&#8220; title_text=&#8220;ESS_5-300&#215;177&#8243; align=&#8220;right&#8220; _builder_version=&#8220;4.27.0&#8243; _module_preset=&#8220;default&#8220; global_colors_info=&#8220;{}&#8220;][\/et_pb_image][et_pb_divider show_divider=&#8220;off&#8220; _builder_version=&#8220;4.27.0&#8243; _module_preset=&#8220;default&#8220; global_colors_info=&#8220;{}&#8220;][\/et_pb_divider][et_pb_image src=&#8220;https:\/\/test.jeker.eu\/wp-content\/uploads\/2024\/08\/ESS_6-300&#215;177-1.jpg&#8220; title_text=&#8220;ESS_6-300&#215;177&#8243; align=&#8220;right&#8220; _builder_version=&#8220;4.27.0&#8243; _module_preset=&#8220;default&#8220; global_colors_info=&#8220;{}&#8220;][\/et_pb_image][\/et_pb_column][et_pb_column type=&#8220;1_4&#8243; _builder_version=&#8220;4.27.0&#8243; _module_preset=&#8220;default&#8220; global_colors_info=&#8220;{}&#8220;][\/et_pb_column][et_pb_column type=&#8220;1_4&#8243; _builder_version=&#8220;4.27.0&#8243; _module_preset=&#8220;default&#8220; global_colors_info=&#8220;{}&#8220;][et_pb_text _builder_version=&#8220;4.27.0&#8243; _module_preset=&#8220;default&#8220; global_colors_info=&#8220;{}&#8220;]<\/p>\n<p>Durch den Bau eines Tunnels wird das Ortszentrum vom Durchgangsverkehr entlastet und Unfallschwerpunkte entsch\u00e4rft.<br \/>Auf der Tunnel\u00fcberdeckung entsteht ein multifunktionaler Raum f\u00fcr verschiedenste Veranstaltungen (Kulturtreppe).<br \/>Einheitliche Gestaltung, M\u00f6blierung und Bepflanzung, sowie k\u00fcnstlerische Interventionen geben dem Ort einen individuellen Charakter und f\u00f6rdern die Identifikation der Bewohner.<br \/>Durch ein Informationskonzept wird die Orientierung erleichtert und Orte der Kommunikation geschaffen.<\/p>\n<p>[\/et_pb_text][\/et_pb_column][\/et_pb_row][et_pb_row column_structure=&#8220;1_2,1_2&#8243; _builder_version=&#8220;4.27.0&#8243; _module_preset=&#8220;default&#8220; hover_enabled=&#8220;0&#8243; global_colors_info=&#8220;{}&#8220; use_custom_gutter=&#8220;on&#8220; sticky_enabled=&#8220;0&#8243;][et_pb_column type=&#8220;1_2&#8243; _builder_version=&#8220;4.27.0&#8243; _module_preset=&#8220;default&#8220; global_colors_info=&#8220;{}&#8220;][et_pb_image src=&#8220;https:\/\/test.jeker.eu\/wp-content\/uploads\/2024\/08\/ESS_1_1.jpg&#8220; title_text=&#8220;ESS_1_1&#8243; align=&#8220;right&#8220; _builder_version=&#8220;4.27.0&#8243; _module_preset=&#8220;default&#8220; global_colors_info=&#8220;{}&#8220;][\/et_pb_image][\/et_pb_column][et_pb_column type=&#8220;1_2&#8243; _builder_version=&#8220;4.27.0&#8243; _module_preset=&#8220;default&#8220; global_colors_info=&#8220;{}&#8220;][et_pb_image src=&#8220;https:\/\/test.jeker.eu\/wp-content\/uploads\/2024\/08\/ESS_2_1.jpg&#8220; title_text=&#8220;ESS_2_1&#8243; align=&#8220;right&#8220; _builder_version=&#8220;4.27.0&#8243; _module_preset=&#8220;default&#8220; global_colors_info=&#8220;{}&#8220;][\/et_pb_image][\/et_pb_column][\/et_pb_row][\/et_pb_section]<\/p>\n","protected":false},"excerpt":{"rendered":"<p>ESS (Entflechtung Schiene-Strasse)Info- und Ortsbildkonzept, Urtenen-Sch\u00f6nb\u00fchlKonzept \/ Projekt \/ Bauprojekt 1997-2004Ausf\u00fchrung in Etappen 1999-2005Durch den Bau eines Tunnels wird das Ortszentrum vom Durchgangsverkehr entlastet und Unfallschwerpunkte entsch\u00e4rft.Auf der Tunnel\u00fcberdeckung entsteht ein multifunktionaler Raum f\u00fcr verschiedenste Veranstaltungen (Kulturtreppe).Einheitliche Gestaltung, M\u00f6blierung und Bepflanzung, sowie k\u00fcnstlerische Interventionen geben dem Ort einen individuellen Charakter und f\u00f6rdern die Identifikation der [&hellip;]<\/p>\n","protected":false},"author":1,"featured_media":0,"parent":0,"menu_order":0,"comment_status":"closed","ping_status":"closed","template":"","meta":{"_et_pb_use_builder":"on","_et_pb_old_content":"","_et_gb_content_width":"","footnotes":""},"class_list":["post-412","page","type-page","status-publish","hentry"],"aioseo_notices":[],"_links":{"self":[{"href":"https:\/\/test.jeker.eu\/index.php\/wp-json\/wp\/v2\/pages\/412","targetHints":{"allow":["GET"]}}],"collection":[{"href":"https:\/\/test.jeker.eu\/index.php\/wp-json\/wp\/v2\/pages"}],"about":[{"href":"https:\/\/test.jeker.eu\/index.php\/wp-json\/wp\/v2\/types\/page"}],"author":[{"embeddable":true,"href":"https:\/\/test.jeker.eu\/index.php\/wp-json\/wp\/v2\/users\/1"}],"replies":[{"embeddable":true,"href":"https:\/\/test.jeker.eu\/index.php\/wp-json\/wp\/v2\/comments?post=412"}],"version-history":[{"count":6,"href":"https:\/\/test.jeker.eu\/index.php\/wp-json\/wp\/v2\/pages\/412\/revisions"}],"predecessor-version":[{"id":1082,"href":"https:\/\/test.jeker.eu\/index.php\/wp-json\/wp\/v2\/pages\/412\/revisions\/1082"}],"wp:attachment":[{"href":"https:\/\/test.jeker.eu\/index.php\/wp-json\/wp\/v2\/media?parent=412"}],"curies":[{"name":"wp","href":"https:\/\/api.w.org\/{rel}","templated":true}]}}