{"id":428,"date":"2024-08-18T11:52:18","date_gmt":"2024-08-18T11:52:18","guid":{"rendered":"https:\/\/test.jeker.eu\/?page_id=428"},"modified":"2024-09-06T08:56:01","modified_gmt":"2024-09-06T08:56:01","slug":"masterplan-im-rain-ittigen","status":"publish","type":"page","link":"https:\/\/test.jeker.eu\/index.php\/masterplan-im-rain-ittigen\/","title":{"rendered":"Masterplan &#8222;Im Rain Ittigen&#8220;"},"content":{"rendered":"<p>[et_pb_section fb_built=&#8220;1&#8243; _builder_version=&#8220;4.27.0&#8243; _module_preset=&#8220;default&#8220; global_colors_info=&#8220;{}&#8220;][et_pb_row column_structure=&#8220;1_4,1_4,1_4,1_4&#8243; _builder_version=&#8220;4.27.0&#8243; _module_preset=&#8220;default&#8220; hover_enabled=&#8220;0&#8243; global_colors_info=&#8220;{}&#8220; use_custom_gutter=&#8220;on&#8220; sticky_enabled=&#8220;0&#8243;][et_pb_column type=&#8220;1_4&#8243; _builder_version=&#8220;4.27.0&#8243; _module_preset=&#8220;default&#8220; global_colors_info=&#8220;{}&#8220;][et_pb_text _builder_version=&#8220;4.27.0&#8243; _module_preset=&#8220;default&#8220; global_colors_info=&#8220;{}&#8220;]<\/p>\n<p><strong>Masterplan &#8222;Im Rain Ittigen&#8220;<\/strong><br \/><strong> Gestaltungs- und Entwicklungskonzept<\/strong><br \/><strong> Etappenweise Umsetzung, 2009-2015<\/strong><br \/><strong> &#8211; Gemeindehaus<\/strong><br \/><strong> &#8211; Schulanlagen<\/strong><br \/><strong> &#8211; Unterstufe<\/strong><br \/><strong> &#8211; Oberstufenzentrum<\/strong><br \/><strong> &#8211; Schulsportanlagen<\/strong><\/p>\n<p>[\/et_pb_text][\/et_pb_column][et_pb_column type=&#8220;1_4&#8243; _builder_version=&#8220;4.27.0&#8243; _module_preset=&#8220;default&#8220; global_colors_info=&#8220;{}&#8220;][et_pb_image src=&#8220;https:\/\/test.jeker.eu\/wp-content\/uploads\/2024\/08\/Ittigen3_1-300&#215;177-1.jpg&#8220; title_text=&#8220;Ittigen3_1-300&#215;177&#8243; align=&#8220;right&#8220; _builder_version=&#8220;4.27.0&#8243; _module_preset=&#8220;default&#8220; global_colors_info=&#8220;{}&#8220;][\/et_pb_image][et_pb_divider show_divider=&#8220;off&#8220; _builder_version=&#8220;4.27.0&#8243; _module_preset=&#8220;default&#8220; global_colors_info=&#8220;{}&#8220;][\/et_pb_divider][et_pb_image src=&#8220;https:\/\/test.jeker.eu\/wp-content\/uploads\/2024\/08\/Ittigen6-300&#215;177-1.jpg&#8220; title_text=&#8220;Ittigen6-300&#215;177&#8243; align=&#8220;right&#8220; _builder_version=&#8220;4.27.0&#8243; _module_preset=&#8220;default&#8220; global_colors_info=&#8220;{}&#8220;][\/et_pb_image][\/et_pb_column][et_pb_column type=&#8220;1_4&#8243; _builder_version=&#8220;4.27.0&#8243; _module_preset=&#8220;default&#8220; global_colors_info=&#8220;{}&#8220;][\/et_pb_column][et_pb_column type=&#8220;1_4&#8243; _builder_version=&#8220;4.27.0&#8243; _module_preset=&#8220;default&#8220; global_colors_info=&#8220;{}&#8220;][et_pb_text _builder_version=&#8220;4.27.0&#8243; _module_preset=&#8220;default&#8220; global_colors_info=&#8220;{}&#8220;]<\/p>\n<p>F\u00fcr das Areal &#8218;Im Rain&#8216; mit Gemeindeverwaltung, Schul- und Sportanlagen sowie kirchlichen Einrichtungen wurde ein Masterplan erstellt.<br \/>Dieser beinhaltet eine Bestandeserfassung und -analyse, einen Gestaltungsrichtplan, Massnahmenbl\u00e4tter, eine Analyse der Konfliktpunkte, Entwicklungsziele Verkehr, Sicherheit und Signalisation sowie einen M\u00f6blierungskatalog mit Aussagen zu Bel\u00e4gen, M\u00f6blierung und Bepflanzung Aussenraum.<br \/>Ziel ist eine mittelfristig homogene Entwicklung und Gestaltung des Areals.<br \/>Mehrere Teilbereiche wie die Gemeindeverwaltung, Primarschule, Kindergarten und Parkplatz wurden bereits realisiert.<\/p>\n<p>[\/et_pb_text][\/et_pb_column][\/et_pb_row][et_pb_row column_structure=&#8220;1_2,1_2&#8243; _builder_version=&#8220;4.27.0&#8243; _module_preset=&#8220;default&#8220; hover_enabled=&#8220;0&#8243; global_colors_info=&#8220;{}&#8220; use_custom_gutter=&#8220;on&#8220; sticky_enabled=&#8220;0&#8243;][et_pb_column type=&#8220;1_2&#8243; _builder_version=&#8220;4.27.0&#8243; _module_preset=&#8220;default&#8220; global_colors_info=&#8220;{}&#8220;][et_pb_image src=&#8220;https:\/\/test.jeker.eu\/wp-content\/uploads\/2024\/08\/Ittigen1.jpg&#8220; title_text=&#8220;Ittigen1&#8243; align=&#8220;right&#8220; _builder_version=&#8220;4.27.0&#8243; _module_preset=&#8220;default&#8220; global_colors_info=&#8220;{}&#8220;][\/et_pb_image][\/et_pb_column][et_pb_column type=&#8220;1_2&#8243; _builder_version=&#8220;4.27.0&#8243; _module_preset=&#8220;default&#8220; global_colors_info=&#8220;{}&#8220;][et_pb_image src=&#8220;https:\/\/test.jeker.eu\/wp-content\/uploads\/2024\/08\/Ittigen4_1.jpg&#8220; title_text=&#8220;Ittigen4_1&#8243; align=&#8220;right&#8220; _builder_version=&#8220;4.27.0&#8243; _module_preset=&#8220;default&#8220; global_colors_info=&#8220;{}&#8220;][\/et_pb_image][\/et_pb_column][\/et_pb_row][\/et_pb_section]<\/p>\n","protected":false},"excerpt":{"rendered":"<p>Masterplan &#8222;Im Rain Ittigen&#8220; Gestaltungs- und Entwicklungskonzept Etappenweise Umsetzung, 2009-2015 &#8211; Gemeindehaus &#8211; Schulanlagen &#8211; Unterstufe &#8211; Oberstufenzentrum &#8211; SchulsportanlagenF\u00fcr das Areal &#8218;Im Rain&#8216; mit Gemeindeverwaltung, Schul- und Sportanlagen sowie kirchlichen Einrichtungen wurde ein Masterplan erstellt.Dieser beinhaltet eine Bestandeserfassung und -analyse, einen Gestaltungsrichtplan, Massnahmenbl\u00e4tter, eine Analyse der Konfliktpunkte, Entwicklungsziele Verkehr, Sicherheit und Signalisation sowie einen [&hellip;]<\/p>\n","protected":false},"author":1,"featured_media":0,"parent":0,"menu_order":0,"comment_status":"closed","ping_status":"closed","template":"","meta":{"_et_pb_use_builder":"on","_et_pb_old_content":"","_et_gb_content_width":"","footnotes":""},"class_list":["post-428","page","type-page","status-publish","hentry"],"aioseo_notices":[],"_links":{"self":[{"href":"https:\/\/test.jeker.eu\/index.php\/wp-json\/wp\/v2\/pages\/428","targetHints":{"allow":["GET"]}}],"collection":[{"href":"https:\/\/test.jeker.eu\/index.php\/wp-json\/wp\/v2\/pages"}],"about":[{"href":"https:\/\/test.jeker.eu\/index.php\/wp-json\/wp\/v2\/types\/page"}],"author":[{"embeddable":true,"href":"https:\/\/test.jeker.eu\/index.php\/wp-json\/wp\/v2\/users\/1"}],"replies":[{"embeddable":true,"href":"https:\/\/test.jeker.eu\/index.php\/wp-json\/wp\/v2\/comments?post=428"}],"version-history":[{"count":5,"href":"https:\/\/test.jeker.eu\/index.php\/wp-json\/wp\/v2\/pages\/428\/revisions"}],"predecessor-version":[{"id":1083,"href":"https:\/\/test.jeker.eu\/index.php\/wp-json\/wp\/v2\/pages\/428\/revisions\/1083"}],"wp:attachment":[{"href":"https:\/\/test.jeker.eu\/index.php\/wp-json\/wp\/v2\/media?parent=428"}],"curies":[{"name":"wp","href":"https:\/\/api.w.org\/{rel}","templated":true}]}}