{"id":437,"date":"2024-08-18T12:00:36","date_gmt":"2024-08-18T12:00:36","guid":{"rendered":"https:\/\/test.jeker.eu\/?page_id=437"},"modified":"2024-08-18T12:02:15","modified_gmt":"2024-08-18T12:02:15","slug":"korrektion-autobahnzubringer-hallmattstrasse","status":"publish","type":"page","link":"https:\/\/test.jeker.eu\/index.php\/korrektion-autobahnzubringer-hallmattstrasse\/","title":{"rendered":"Korrektion Autobahnzubringer Hallmattstrasse"},"content":{"rendered":"<p>[et_pb_section fb_built=&#8220;1&#8243; _builder_version=&#8220;4.27.0&#8243; _module_preset=&#8220;default&#8220; global_colors_info=&#8220;{}&#8220;][et_pb_row column_structure=&#8220;1_4,1_4,1_4,1_4&#8243; _builder_version=&#8220;4.27.0&#8243; _module_preset=&#8220;default&#8220; global_colors_info=&#8220;{}&#8220;][et_pb_column type=&#8220;1_4&#8243; _builder_version=&#8220;4.27.0&#8243; _module_preset=&#8220;default&#8220; global_colors_info=&#8220;{}&#8220;][et_pb_text _builder_version=&#8220;4.27.0&#8243; _module_preset=&#8220;default&#8220; global_colors_info=&#8220;{}&#8220;]<\/p>\n<p><strong>Korrektion Autobahnzubringer Hallmattstrasse Niederwangen, Bern \/ K\u00f6niz<br \/>Konzept &#8211; Bauprojekt 2001-2005<br \/>Ausf\u00fchrung (Teilst\u00fccke) 2005-2006<\/strong><\/p>\n<p>[\/et_pb_text][\/et_pb_column][et_pb_column type=&#8220;1_4&#8243; _builder_version=&#8220;4.27.0&#8243; _module_preset=&#8220;default&#8220; global_colors_info=&#8220;{}&#8220;][et_pb_image src=&#8220;https:\/\/test.jeker.eu\/wp-content\/uploads\/2024\/08\/Hallmatt_1-300&#215;177-1.jpg&#8220; title_text=&#8220;Hallmatt_1-300&#215;177&#8243; _builder_version=&#8220;4.27.0&#8243; _module_preset=&#8220;default&#8220; hover_enabled=&#8220;0&#8243; global_colors_info=&#8220;{}&#8220; align=&#8220;right&#8220; sticky_enabled=&#8220;0&#8243;][\/et_pb_image][et_pb_divider show_divider=&#8220;off&#8220; _builder_version=&#8220;4.27.0&#8243; _module_preset=&#8220;default&#8220; global_colors_info=&#8220;{}&#8220;][\/et_pb_divider][et_pb_image src=&#8220;https:\/\/test.jeker.eu\/wp-content\/uploads\/2024\/08\/Hallmatt_2-300&#215;177-1.jpg&#8220; title_text=&#8220;Hallmatt_2-300&#215;177&#8243; _builder_version=&#8220;4.27.0&#8243; _module_preset=&#8220;default&#8220; global_colors_info=&#8220;{}&#8220; align=&#8220;right&#8220;][\/et_pb_image][\/et_pb_column][et_pb_column type=&#8220;1_4&#8243; _builder_version=&#8220;4.27.0&#8243; _module_preset=&#8220;default&#8220; global_colors_info=&#8220;{}&#8220;][\/et_pb_column][et_pb_column type=&#8220;1_4&#8243; _builder_version=&#8220;4.27.0&#8243; _module_preset=&#8220;default&#8220; global_colors_info=&#8220;{}&#8220;][et_pb_text _builder_version=&#8220;4.27.0&#8243; _module_preset=&#8220;default&#8220; global_colors_info=&#8220;{}&#8220;]<\/p>\n<p>Strassenraumgestaltung und st\u00e4dtebauliches Konzept f\u00fcr neue Gewerbegebiete unter besonderer Beachtung der Gr\u00fcnr\u00e4ume mit ihren Funktionen f\u00fcr Freizeit, Erholung und \u00d6kologie. Aufgelockerte Bepflanzung und quer zur Strasse laufende Baumreihen gliedern den Strassenraum und machen ihn zu einem Bestandteil des Gesamtgebietes.<br \/>Durch die klare und moderne Gestaltung bekommt der Strassenraum ein zeitgem\u00e4sses Gesicht. Helle Farben, gute Beleuchtung und lockerer Baumbestand ergeben einen hellen und freundlichen Charakter und erh\u00f6hen die Sicherheit.<\/p>\n<p>[\/et_pb_text][\/et_pb_column][\/et_pb_row][et_pb_row _builder_version=&#8220;4.27.0&#8243; _module_preset=&#8220;default&#8220; global_colors_info=&#8220;{}&#8220;][et_pb_column type=&#8220;4_4&#8243; _builder_version=&#8220;4.27.0&#8243; _module_preset=&#8220;default&#8220; global_colors_info=&#8220;{}&#8220;][et_pb_image src=&#8220;https:\/\/test.jeker.eu\/wp-content\/uploads\/2024\/08\/Hallmatt_3.jpg&#8220; title_text=&#8220;Hallmatt_3&#8243; align=&#8220;right&#8220; _builder_version=&#8220;4.27.0&#8243; _module_preset=&#8220;default&#8220; global_colors_info=&#8220;{}&#8220;][\/et_pb_image][\/et_pb_column][\/et_pb_row][\/et_pb_section]<\/p>\n","protected":false},"excerpt":{"rendered":"<p>Korrektion Autobahnzubringer Hallmattstrasse Niederwangen, Bern \/ K\u00f6nizKonzept &#8211; Bauprojekt 2001-2005Ausf\u00fchrung (Teilst\u00fccke) 2005-2006Strassenraumgestaltung und st\u00e4dtebauliches Konzept f\u00fcr neue Gewerbegebiete unter besonderer Beachtung der Gr\u00fcnr\u00e4ume mit ihren Funktionen f\u00fcr Freizeit, Erholung und \u00d6kologie. Aufgelockerte Bepflanzung und quer zur Strasse laufende Baumreihen gliedern den Strassenraum und machen ihn zu einem Bestandteil des Gesamtgebietes.Durch die klare und moderne Gestaltung [&hellip;]<\/p>\n","protected":false},"author":1,"featured_media":0,"parent":0,"menu_order":0,"comment_status":"closed","ping_status":"closed","template":"","meta":{"_et_pb_use_builder":"on","_et_pb_old_content":"","_et_gb_content_width":"","footnotes":""},"class_list":["post-437","page","type-page","status-publish","hentry"],"aioseo_notices":[],"_links":{"self":[{"href":"https:\/\/test.jeker.eu\/index.php\/wp-json\/wp\/v2\/pages\/437","targetHints":{"allow":["GET"]}}],"collection":[{"href":"https:\/\/test.jeker.eu\/index.php\/wp-json\/wp\/v2\/pages"}],"about":[{"href":"https:\/\/test.jeker.eu\/index.php\/wp-json\/wp\/v2\/types\/page"}],"author":[{"embeddable":true,"href":"https:\/\/test.jeker.eu\/index.php\/wp-json\/wp\/v2\/users\/1"}],"replies":[{"embeddable":true,"href":"https:\/\/test.jeker.eu\/index.php\/wp-json\/wp\/v2\/comments?post=437"}],"version-history":[{"count":4,"href":"https:\/\/test.jeker.eu\/index.php\/wp-json\/wp\/v2\/pages\/437\/revisions"}],"predecessor-version":[{"id":442,"href":"https:\/\/test.jeker.eu\/index.php\/wp-json\/wp\/v2\/pages\/437\/revisions\/442"}],"wp:attachment":[{"href":"https:\/\/test.jeker.eu\/index.php\/wp-json\/wp\/v2\/media?parent=437"}],"curies":[{"name":"wp","href":"https:\/\/api.w.org\/{rel}","templated":true}]}}