{"id":447,"date":"2024-08-18T12:09:18","date_gmt":"2024-08-18T12:09:18","guid":{"rendered":"https:\/\/test.jeker.eu\/?page_id=447"},"modified":"2024-09-06T09:04:26","modified_gmt":"2024-09-06T09:04:26","slug":"dorfzentrum-grindelwald-aussenraumgestaltung","status":"publish","type":"page","link":"https:\/\/test.jeker.eu\/index.php\/dorfzentrum-grindelwald-aussenraumgestaltung\/","title":{"rendered":"Dorfzentrum Grindelwald Aussenraumgestaltung"},"content":{"rendered":"<p>[et_pb_section fb_built=&#8220;1&#8243; _builder_version=&#8220;4.27.0&#8243; _module_preset=&#8220;default&#8220; global_colors_info=&#8220;{}&#8220;][et_pb_row column_structure=&#8220;1_4,1_4,1_4,1_4&#8243; use_custom_gutter=&#8220;on&#8220; _builder_version=&#8220;4.27.0&#8243; _module_preset=&#8220;default&#8220; global_colors_info=&#8220;{}&#8220;][et_pb_column type=&#8220;1_4&#8243; _builder_version=&#8220;4.27.0&#8243; _module_preset=&#8220;default&#8220; global_colors_info=&#8220;{}&#8220;][et_pb_text _builder_version=&#8220;4.27.0&#8243; _module_preset=&#8220;default&#8220; global_colors_info=&#8220;{}&#8220;]<\/p>\n<p><strong>Dorfzentrum Grindelwald Aussenraumgestaltung<\/strong><\/p>\n<p><strong>Ausf\u00fchrung 2010<\/strong><\/p>\n<p>[\/et_pb_text][\/et_pb_column][et_pb_column type=&#8220;1_4&#8243; _builder_version=&#8220;4.27.0&#8243; _module_preset=&#8220;default&#8220; global_colors_info=&#8220;{}&#8220;][et_pb_image src=&#8220;https:\/\/test.jeker.eu\/wp-content\/uploads\/2024\/08\/Grindelwald-300&#215;229-1.jpg&#8220; title_text=&#8220;Grindelwald-300&#215;229&#8243; align=&#8220;right&#8220; _builder_version=&#8220;4.27.0&#8243; _module_preset=&#8220;default&#8220; global_colors_info=&#8220;{}&#8220;][\/et_pb_image][et_pb_divider show_divider=&#8220;off&#8220; _builder_version=&#8220;4.27.0&#8243; _module_preset=&#8220;default&#8220; global_colors_info=&#8220;{}&#8220;][\/et_pb_divider][et_pb_image src=&#8220;https:\/\/test.jeker.eu\/wp-content\/uploads\/2024\/08\/grindelwald3-300&#215;180-1.jpg&#8220; title_text=&#8220;grindelwald3-300&#215;180&#8243; align=&#8220;right&#8220; _builder_version=&#8220;4.27.0&#8243; _module_preset=&#8220;default&#8220; global_colors_info=&#8220;{}&#8220;][\/et_pb_image][\/et_pb_column][et_pb_column type=&#8220;1_4&#8243; _builder_version=&#8220;4.27.0&#8243; _module_preset=&#8220;default&#8220; global_colors_info=&#8220;{}&#8220;][\/et_pb_column][et_pb_column type=&#8220;1_4&#8243; _builder_version=&#8220;4.27.0&#8243; _module_preset=&#8220;default&#8220; global_colors_info=&#8220;{}&#8220;][et_pb_text _builder_version=&#8220;4.27.0&#8243; _module_preset=&#8220;default&#8220; global_colors_info=&#8220;{}&#8220;]<\/p>\n<p>Die \u00dcbergabe des neuen Zentrums an die Jugend von Grindelwald freut mich am meisten. Vergessen wir nicht, der Bau wurde auch f\u00fcr die n\u00e4chste Generation gemacht. Den neuen, grossen Spielplatz haben die J\u00fcngsten bereits in Beschlag genommen, die wissen die Neuerung zu sch\u00e4tzen.<br \/>Auszug aus der Berner Zeitung vom 18.12.2014<\/p>\n<p>[\/et_pb_text][\/et_pb_column][\/et_pb_row][et_pb_row column_structure=&#8220;1_2,1_2&#8243; use_custom_gutter=&#8220;on&#8220; _builder_version=&#8220;4.27.0&#8243; _module_preset=&#8220;default&#8220; global_colors_info=&#8220;{}&#8220;][et_pb_column type=&#8220;1_2&#8243; _builder_version=&#8220;4.27.0&#8243; _module_preset=&#8220;default&#8220; global_colors_info=&#8220;{}&#8220;][et_pb_image _builder_version=&#8220;4.27.0&#8243; _module_preset=&#8220;default&#8220; title_text=&#8220;IMGP1626-1024&#215;768&#8243; src=&#8220;https:\/\/test.jeker.eu\/wp-content\/uploads\/2024\/08\/IMGP1626-1024&#215;768-1-e1725613350537.jpg&#8220; hover_enabled=&#8220;0&#8243; sticky_enabled=&#8220;0&#8243;][\/et_pb_image][\/et_pb_column][et_pb_column type=&#8220;1_2&#8243; _builder_version=&#8220;4.27.0&#8243; _module_preset=&#8220;default&#8220; global_colors_info=&#8220;{}&#8220;][et_pb_image _builder_version=&#8220;4.27.0&#8243; _module_preset=&#8220;default&#8220; title_text=&#8220;grindelwald1-1024&#215;768&#8243; src=&#8220;https:\/\/test.jeker.eu\/wp-content\/uploads\/2024\/08\/grindelwald1-1024&#215;768-1-e1725613388573.jpg&#8220; hover_enabled=&#8220;0&#8243; sticky_enabled=&#8220;0&#8243;][\/et_pb_image][\/et_pb_column][\/et_pb_row][\/et_pb_section]<\/p>\n","protected":false},"excerpt":{"rendered":"<p>Dorfzentrum Grindelwald Aussenraumgestaltung Ausf\u00fchrung 2010Die \u00dcbergabe des neuen Zentrums an die Jugend von Grindelwald freut mich am meisten. Vergessen wir nicht, der Bau wurde auch f\u00fcr die n\u00e4chste Generation gemacht. Den neuen, grossen Spielplatz haben die J\u00fcngsten bereits in Beschlag genommen, die wissen die Neuerung zu sch\u00e4tzen.Auszug aus der Berner Zeitung vom 18.12.2014<\/p>\n","protected":false},"author":1,"featured_media":0,"parent":0,"menu_order":0,"comment_status":"closed","ping_status":"closed","template":"","meta":{"_et_pb_use_builder":"on","_et_pb_old_content":"","_et_gb_content_width":"","footnotes":""},"class_list":["post-447","page","type-page","status-publish","hentry"],"aioseo_notices":[],"_links":{"self":[{"href":"https:\/\/test.jeker.eu\/index.php\/wp-json\/wp\/v2\/pages\/447","targetHints":{"allow":["GET"]}}],"collection":[{"href":"https:\/\/test.jeker.eu\/index.php\/wp-json\/wp\/v2\/pages"}],"about":[{"href":"https:\/\/test.jeker.eu\/index.php\/wp-json\/wp\/v2\/types\/page"}],"author":[{"embeddable":true,"href":"https:\/\/test.jeker.eu\/index.php\/wp-json\/wp\/v2\/users\/1"}],"replies":[{"embeddable":true,"href":"https:\/\/test.jeker.eu\/index.php\/wp-json\/wp\/v2\/comments?post=447"}],"version-history":[{"count":6,"href":"https:\/\/test.jeker.eu\/index.php\/wp-json\/wp\/v2\/pages\/447\/revisions"}],"predecessor-version":[{"id":1087,"href":"https:\/\/test.jeker.eu\/index.php\/wp-json\/wp\/v2\/pages\/447\/revisions\/1087"}],"wp:attachment":[{"href":"https:\/\/test.jeker.eu\/index.php\/wp-json\/wp\/v2\/media?parent=447"}],"curies":[{"name":"wp","href":"https:\/\/api.w.org\/{rel}","templated":true}]}}