{"id":487,"date":"2024-08-18T12:43:22","date_gmt":"2024-08-18T12:43:22","guid":{"rendered":"https:\/\/test.jeker.eu\/?page_id=487"},"modified":"2024-08-18T12:43:25","modified_gmt":"2024-08-18T12:43:25","slug":"masterplan-bonstettenpark-thun","status":"publish","type":"page","link":"https:\/\/test.jeker.eu\/index.php\/masterplan-bonstettenpark-thun\/","title":{"rendered":"Masterplan Bonstettenpark, Thun"},"content":{"rendered":"<p>[et_pb_section fb_built=&#8220;1&#8243; _builder_version=&#8220;4.27.0&#8243; _module_preset=&#8220;default&#8220; global_colors_info=&#8220;{}&#8220;][et_pb_row column_structure=&#8220;1_4,1_4,1_4,1_4&#8243; _builder_version=&#8220;4.27.0&#8243; _module_preset=&#8220;default&#8220; global_colors_info=&#8220;{}&#8220;][et_pb_column type=&#8220;1_4&#8243; _builder_version=&#8220;4.27.0&#8243; _module_preset=&#8220;default&#8220; global_colors_info=&#8220;{}&#8220;][et_pb_text _builder_version=&#8220;4.27.0&#8243; _module_preset=&#8220;default&#8220; hover_enabled=&#8220;0&#8243; global_colors_info=&#8220;{}&#8220; sticky_enabled=&#8220;0&#8243;]<\/p>\n<p><strong>Masterplan Bonstettenpark, Thun<\/strong><br \/><strong> 2011-2013<\/strong><\/p>\n<p>[\/et_pb_text][\/et_pb_column][et_pb_column type=&#8220;1_4&#8243; _builder_version=&#8220;4.27.0&#8243; _module_preset=&#8220;default&#8220; global_colors_info=&#8220;{}&#8220;][et_pb_image src=&#8220;https:\/\/test.jeker.eu\/wp-content\/uploads\/2024\/08\/Bonstetten_4-300&#215;173-1.jpg&#8220; title_text=&#8220;Bonstetten_4-300&#215;173&#8243; align=&#8220;right&#8220; _builder_version=&#8220;4.27.0&#8243; _module_preset=&#8220;default&#8220; global_colors_info=&#8220;{}&#8220;][\/et_pb_image][et_pb_divider show_divider=&#8220;off&#8220; _builder_version=&#8220;4.27.0&#8243; _module_preset=&#8220;default&#8220; global_colors_info=&#8220;{}&#8220;][\/et_pb_divider][et_pb_image src=&#8220;https:\/\/test.jeker.eu\/wp-content\/uploads\/2024\/08\/Bonstetten_5-300&#215;180-1.jpg&#8220; title_text=&#8220;Bonstetten_5-300&#215;180&#8243; align=&#8220;right&#8220; _builder_version=&#8220;4.27.0&#8243; _module_preset=&#8220;default&#8220; hover_enabled=&#8220;0&#8243; global_colors_info=&#8220;{}&#8220; sticky_enabled=&#8220;0&#8243;][\/et_pb_image][\/et_pb_column][et_pb_column type=&#8220;1_4&#8243; _builder_version=&#8220;4.27.0&#8243; _module_preset=&#8220;default&#8220; global_colors_info=&#8220;{}&#8220;][\/et_pb_column][et_pb_column type=&#8220;1_4&#8243; _builder_version=&#8220;4.27.0&#8243; _module_preset=&#8220;default&#8220; global_colors_info=&#8220;{}&#8220;][et_pb_text _builder_version=&#8220;4.27.0&#8243; _module_preset=&#8220;default&#8220; hover_enabled=&#8220;0&#8243; global_colors_info=&#8220;{}&#8220; sticky_enabled=&#8220;0&#8243;]<\/p>\n<p>Einen historischen Garten zu ver\u00e4ndern, sei es als Pflegemassnahme, Rekonstruktion, Weiterentwicklung oder gar gesamtheitliche Umgestaltung, verlangt im Voraus eine klare Zielvorstellung (Zweck) \u00fcber das Vorhaben. Die Ausarbeitung klarer Zielsetzungen f\u00fcr die Nutzung, die Pflege und die Weiterentwicklung eines Gartens ist unerl\u00e4sslich !<br \/>Parkpflegewerk bestehend aus: Anlass und Ziel der Untersuchung Entstehungsgeschichte Ist &#8211; Zustand (Bestandsaufnahme) Bewertungen (Kl\u00e4rung \u00fcber die Schutzw\u00fcrdigkeit)<br \/>Idealplan (Entwicklungsziel) Unterhaltskonzept (Entwicklungs- und Unterhaltspflege) Anhang (historische Grundlagen)<\/p>\n<p>[\/et_pb_text][\/et_pb_column][\/et_pb_row][et_pb_row _builder_version=&#8220;4.27.0&#8243; _module_preset=&#8220;default&#8220; global_colors_info=&#8220;{}&#8220;][et_pb_column type=&#8220;4_4&#8243; _builder_version=&#8220;4.27.0&#8243; _module_preset=&#8220;default&#8220; global_colors_info=&#8220;{}&#8220;][et_pb_image src=&#8220;https:\/\/test.jeker.eu\/wp-content\/uploads\/2024\/08\/Bonstetten_6_2.jpg&#8220; title_text=&#8220;1139 14-11-12 visu projekt&#8220; _builder_version=&#8220;4.27.0&#8243; _module_preset=&#8220;default&#8220; hover_enabled=&#8220;0&#8243; global_colors_info=&#8220;{}&#8220; sticky_enabled=&#8220;0&#8243;][\/et_pb_image][\/et_pb_column][\/et_pb_row][\/et_pb_section]<\/p>\n","protected":false},"excerpt":{"rendered":"<p>Masterplan Bonstettenpark, Thun 2011-2013Einen historischen Garten zu ver\u00e4ndern, sei es als Pflegemassnahme, Rekonstruktion, Weiterentwicklung oder gar gesamtheitliche Umgestaltung, verlangt im Voraus eine klare Zielvorstellung (Zweck) \u00fcber das Vorhaben. Die Ausarbeitung klarer Zielsetzungen f\u00fcr die Nutzung, die Pflege und die Weiterentwicklung eines Gartens ist unerl\u00e4sslich !Parkpflegewerk bestehend aus: Anlass und Ziel der Untersuchung Entstehungsgeschichte Ist &#8211; [&hellip;]<\/p>\n","protected":false},"author":1,"featured_media":0,"parent":0,"menu_order":0,"comment_status":"closed","ping_status":"closed","template":"","meta":{"_et_pb_use_builder":"on","_et_pb_old_content":"","_et_gb_content_width":"","footnotes":""},"class_list":["post-487","page","type-page","status-publish","hentry"],"aioseo_notices":[],"_links":{"self":[{"href":"https:\/\/test.jeker.eu\/index.php\/wp-json\/wp\/v2\/pages\/487","targetHints":{"allow":["GET"]}}],"collection":[{"href":"https:\/\/test.jeker.eu\/index.php\/wp-json\/wp\/v2\/pages"}],"about":[{"href":"https:\/\/test.jeker.eu\/index.php\/wp-json\/wp\/v2\/types\/page"}],"author":[{"embeddable":true,"href":"https:\/\/test.jeker.eu\/index.php\/wp-json\/wp\/v2\/users\/1"}],"replies":[{"embeddable":true,"href":"https:\/\/test.jeker.eu\/index.php\/wp-json\/wp\/v2\/comments?post=487"}],"version-history":[{"count":3,"href":"https:\/\/test.jeker.eu\/index.php\/wp-json\/wp\/v2\/pages\/487\/revisions"}],"predecessor-version":[{"id":491,"href":"https:\/\/test.jeker.eu\/index.php\/wp-json\/wp\/v2\/pages\/487\/revisions\/491"}],"wp:attachment":[{"href":"https:\/\/test.jeker.eu\/index.php\/wp-json\/wp\/v2\/media?parent=487"}],"curies":[{"name":"wp","href":"https:\/\/api.w.org\/{rel}","templated":true}]}}