{"id":58,"date":"2024-08-15T09:20:05","date_gmt":"2024-08-15T09:20:05","guid":{"rendered":"https:\/\/test.jeker.eu\/?page_id=58"},"modified":"2024-09-06T08:52:23","modified_gmt":"2024-09-06T08:52:23","slug":"verkehrs-und-gestaltungskonzept-crossbow-boedeli-interlaken","status":"publish","type":"page","link":"https:\/\/test.jeker.eu\/index.php\/verkehrs-und-gestaltungskonzept-crossbow-boedeli-interlaken\/","title":{"rendered":"Verkehrs- und Gestaltungskonzept &#8222;Crossbow&#8220; B\u00f6deli Interlaken"},"content":{"rendered":"<p>[et_pb_section fb_built=&#8220;1&#8243; _builder_version=&#8220;4.27.0&#8243; _module_preset=&#8220;default&#8220; global_colors_info=&#8220;{}&#8220;][et_pb_row column_structure=&#8220;1_4,1_4,1_4,1_4&#8243; use_custom_gutter=&#8220;on&#8220; _builder_version=&#8220;4.27.0&#8243; _module_preset=&#8220;default&#8220; global_colors_info=&#8220;{}&#8220;][et_pb_column type=&#8220;1_4&#8243; _builder_version=&#8220;4.27.0&#8243; _module_preset=&#8220;default&#8220; global_colors_info=&#8220;{}&#8220;][et_pb_text _builder_version=&#8220;4.27.0&#8243; _module_preset=&#8220;default&#8220; global_colors_info=&#8220;{}&#8220;]<\/p>\n<p><strong><a title=\"Crossbow Interlaken\" href=\"http:\/\/www.interlaken-gemeinde.ch\/aktualitaeten\/projekte\/detailansicht\/?cq_*c18ed203=ivxPU=85f8993h\" target=\"_blank\" rel=\"noopener\">Verkehrs- und Gestaltungskonzept \u2018Crossbow\u2019 B\u00f6deli<\/a>,<br \/>Interlaken Wettbewerb 1997, 1.Rang<br \/>Konzept \u2013 Detailprojekt 1998-2000<br \/>Bauprojekt 2001-2002 Ausf\u00fchrung (Teilst\u00fccke) 2003-2005<\/strong><\/p>\n<p>[\/et_pb_text][\/et_pb_column][et_pb_column type=&#8220;1_4&#8243; _builder_version=&#8220;4.27.0&#8243; _module_preset=&#8220;default&#8220; global_colors_info=&#8220;{}&#8220;][et_pb_image src=&#8220;https:\/\/test.jeker.eu\/wp-content\/uploads\/2024\/08\/Crossbow_1.jpg&#8220; title_text=&#8220;Crossbow_1&#8243; _builder_version=&#8220;4.27.0&#8243; _module_preset=&#8220;default&#8220; global_colors_info=&#8220;{}&#8220;][\/et_pb_image][et_pb_divider show_divider=&#8220;off&#8220; _builder_version=&#8220;4.27.0&#8243; _module_preset=&#8220;default&#8220; global_colors_info=&#8220;{}&#8220;][\/et_pb_divider][et_pb_image src=&#8220;https:\/\/test.jeker.eu\/wp-content\/uploads\/2024\/08\/Crossbow_7.jpg&#8220; title_text=&#8220;Crossbow_7&#8243; _builder_version=&#8220;4.27.0&#8243; _module_preset=&#8220;default&#8220; global_colors_info=&#8220;{}&#8220;][\/et_pb_image][\/et_pb_column][et_pb_column type=&#8220;1_4&#8243; _builder_version=&#8220;4.27.0&#8243; _module_preset=&#8220;default&#8220; global_colors_info=&#8220;{}&#8220;][\/et_pb_column][et_pb_column type=&#8220;1_4&#8243; _builder_version=&#8220;4.27.0&#8243; _module_preset=&#8220;default&#8220; global_colors_info=&#8220;{}&#8220;][et_pb_text _builder_version=&#8220;4.27.0&#8243; _module_preset=&#8220;default&#8220; global_colors_info=&#8220;{}&#8220;]<\/p>\n<p>Durch ein neues Verkehrsregime wird das Ortszentrum vom Durchgangsverkehr entlastet. Die Situation f\u00fcr den nichtmotorisierten Verkehr wird erheblich verbessert.<br \/>Eine klare und zur\u00fcckhaltende Gestaltung des Strassenraumes l\u00e4sst die historische Geb\u00e4ude besser zur Geltung kommen und bildet einen ruhigen Gegenpol zu den vielen Gesch\u00e4ften mit ihren bunten Auslagen und Werbefl\u00e4chen.<br \/>Die einheitliche Gestaltung- und M\u00f6blierungselemente mit Wiedererkennungswert ergeben einen individuellen Charakter.<\/p>\n<p>[\/et_pb_text][\/et_pb_column][\/et_pb_row][et_pb_row column_structure=&#8220;1_2,1_2&#8243; use_custom_gutter=&#8220;on&#8220; _builder_version=&#8220;4.27.0&#8243; _module_preset=&#8220;default&#8220; global_colors_info=&#8220;{}&#8220;][et_pb_column type=&#8220;1_2&#8243; _builder_version=&#8220;4.27.0&#8243; _module_preset=&#8220;default&#8220; global_colors_info=&#8220;{}&#8220;][et_pb_image _builder_version=&#8220;4.27.0&#8243; _module_preset=&#8220;default&#8220; title_text=&#8220;Crossbow_61&#8243; src=&#8220;https:\/\/test.jeker.eu\/wp-content\/uploads\/2024\/08\/Crossbow_61-e1725612572979.jpg&#8220; hover_enabled=&#8220;0&#8243; sticky_enabled=&#8220;0&#8243;][\/et_pb_image][\/et_pb_column][et_pb_column type=&#8220;1_2&#8243; _builder_version=&#8220;4.27.0&#8243; _module_preset=&#8220;default&#8220; global_colors_info=&#8220;{}&#8220;][et_pb_image _builder_version=&#8220;4.27.0&#8243; _module_preset=&#8220;default&#8220; title_text=&#8220;Crossbow_9-667&#215;390&#8243; src=&#8220;https:\/\/test.jeker.eu\/wp-content\/uploads\/2024\/08\/Crossbow_9-667&#215;390-1-e1725612660455.jpg&#8220; hover_enabled=&#8220;0&#8243; sticky_enabled=&#8220;0&#8243;][\/et_pb_image][\/et_pb_column][\/et_pb_row][\/et_pb_section]<\/p>\n","protected":false},"excerpt":{"rendered":"<p>Verkehrs- und Gestaltungskonzept \u2018Crossbow\u2019 B\u00f6deli,Interlaken Wettbewerb 1997, 1.RangKonzept \u2013 Detailprojekt 1998-2000Bauprojekt 2001-2002 Ausf\u00fchrung (Teilst\u00fccke) 2003-2005Durch ein neues Verkehrsregime wird das Ortszentrum vom Durchgangsverkehr entlastet. Die Situation f\u00fcr den nichtmotorisierten Verkehr wird erheblich verbessert.Eine klare und zur\u00fcckhaltende Gestaltung des Strassenraumes l\u00e4sst die historische Geb\u00e4ude besser zur Geltung kommen und bildet einen ruhigen Gegenpol zu den vielen [&hellip;]<\/p>\n","protected":false},"author":1,"featured_media":0,"parent":0,"menu_order":0,"comment_status":"closed","ping_status":"closed","template":"","meta":{"_et_pb_use_builder":"on","_et_pb_old_content":"","_et_gb_content_width":"","footnotes":""},"class_list":["post-58","page","type-page","status-publish","hentry"],"aioseo_notices":[],"_links":{"self":[{"href":"https:\/\/test.jeker.eu\/index.php\/wp-json\/wp\/v2\/pages\/58","targetHints":{"allow":["GET"]}}],"collection":[{"href":"https:\/\/test.jeker.eu\/index.php\/wp-json\/wp\/v2\/pages"}],"about":[{"href":"https:\/\/test.jeker.eu\/index.php\/wp-json\/wp\/v2\/types\/page"}],"author":[{"embeddable":true,"href":"https:\/\/test.jeker.eu\/index.php\/wp-json\/wp\/v2\/users\/1"}],"replies":[{"embeddable":true,"href":"https:\/\/test.jeker.eu\/index.php\/wp-json\/wp\/v2\/comments?post=58"}],"version-history":[{"count":13,"href":"https:\/\/test.jeker.eu\/index.php\/wp-json\/wp\/v2\/pages\/58\/revisions"}],"predecessor-version":[{"id":1079,"href":"https:\/\/test.jeker.eu\/index.php\/wp-json\/wp\/v2\/pages\/58\/revisions\/1079"}],"wp:attachment":[{"href":"https:\/\/test.jeker.eu\/index.php\/wp-json\/wp\/v2\/media?parent=58"}],"curies":[{"name":"wp","href":"https:\/\/api.w.org\/{rel}","templated":true}]}}