{"id":589,"date":"2024-08-23T08:54:15","date_gmt":"2024-08-23T08:54:15","guid":{"rendered":"https:\/\/test.jeker.eu\/?page_id=589"},"modified":"2024-09-06T09:20:15","modified_gmt":"2024-09-06T09:20:15","slug":"wohnueberbauung-manuelstrasse-bern","status":"publish","type":"page","link":"https:\/\/test.jeker.eu\/index.php\/wohnueberbauung-manuelstrasse-bern\/","title":{"rendered":"Wohn\u00fcberbauung Manuelstrasse Bern"},"content":{"rendered":"<p>[et_pb_section fb_built=&#8220;1&#8243; _builder_version=&#8220;4.27.0&#8243; _module_preset=&#8220;default&#8220; global_colors_info=&#8220;{}&#8220;][et_pb_row column_structure=&#8220;1_4,1_4,1_4,1_4&#8243; use_custom_gutter=&#8220;on&#8220; _builder_version=&#8220;4.27.0&#8243; _module_preset=&#8220;default&#8220; global_colors_info=&#8220;{}&#8220;][et_pb_column type=&#8220;1_4&#8243; _builder_version=&#8220;4.27.0&#8243; _module_preset=&#8220;default&#8220; global_colors_info=&#8220;{}&#8220;][et_pb_text _builder_version=&#8220;4.27.0&#8243; _module_preset=&#8220;default&#8220; global_colors_info=&#8220;{}&#8220;]<\/p>\n<p><strong>Wohn\u00fcberbauung Manuelstrasse<br \/>Bern 2000-2002<\/strong><\/p>\n<p>[\/et_pb_text][\/et_pb_column][et_pb_column type=&#8220;1_4&#8243; _builder_version=&#8220;4.27.0&#8243; _module_preset=&#8220;default&#8220; global_colors_info=&#8220;{}&#8220;][et_pb_image src=&#8220;https:\/\/test.jeker.eu\/wp-content\/uploads\/2024\/08\/Manuelstrasse_5-300&#215;174-1.jpg&#8220; title_text=&#8220;Manuelstrasse_5-300&#215;174&#8243; align=&#8220;right&#8220; _builder_version=&#8220;4.27.0&#8243; _module_preset=&#8220;default&#8220; global_colors_info=&#8220;{}&#8220;][\/et_pb_image][et_pb_divider show_divider=&#8220;off&#8220; _builder_version=&#8220;4.27.0&#8243; _module_preset=&#8220;default&#8220; global_colors_info=&#8220;{}&#8220;][\/et_pb_divider][et_pb_image src=&#8220;https:\/\/test.jeker.eu\/wp-content\/uploads\/2024\/08\/Manuelstrasse_6-300&#215;174-1.jpg&#8220; title_text=&#8220;Manuelstrasse_6-300&#215;174&#8243; align=&#8220;right&#8220; _builder_version=&#8220;4.27.0&#8243; _module_preset=&#8220;default&#8220; global_colors_info=&#8220;{}&#8220;][\/et_pb_image][\/et_pb_column][et_pb_column type=&#8220;1_4&#8243; _builder_version=&#8220;4.27.0&#8243; _module_preset=&#8220;default&#8220; global_colors_info=&#8220;{}&#8220;][\/et_pb_column][et_pb_column type=&#8220;1_4&#8243; _builder_version=&#8220;4.27.0&#8243; _module_preset=&#8220;default&#8220; global_colors_info=&#8220;{}&#8220;][et_pb_text _builder_version=&#8220;4.27.0&#8243; _module_preset=&#8220;default&#8220; global_colors_info=&#8220;{}&#8220;]<\/p>\n<p>In exklusiver Wohnlage direkt am Elfenaupark wurden 3 Geb\u00e4ude mit Eigentumswohnungen erstellt. Diese gruppieren sich um einen Siedlungsplatz mit Brunnen und Pergola, wo gemeinsame Aktivit\u00e4ten stattfinden k\u00f6nnen. Die privaten Aussenr\u00e4ume sind durch Natur- steinmauern aus der parkartigen Umgebung abgehoben und getrennt.<br \/>Hainbuchenhecken bilden im jahreszeitlichen Wechsel ein spannendes Gegen\u00fcber zu den Fassaden. Das frische Gr\u00fcn im Fr\u00fchjahr zeigt die Komplement\u00e4rfarbe, w\u00e4hrend das Rostrot im Winter fast mit der Fassadenfarbe verschmilzt.<br \/>Durch den Erhalt einer alten Baumgruppe wirkt die \u00dcberbauung von Anfang an als Bestandteil der Umgebung.<\/p>\n<p>[\/et_pb_text][\/et_pb_column][\/et_pb_row][et_pb_row column_structure=&#8220;1_2,1_2&#8243; use_custom_gutter=&#8220;on&#8220; _builder_version=&#8220;4.27.0&#8243; _module_preset=&#8220;default&#8220; global_colors_info=&#8220;{}&#8220;][et_pb_column type=&#8220;1_2&#8243; _builder_version=&#8220;4.27.0&#8243; _module_preset=&#8220;default&#8220; global_colors_info=&#8220;{}&#8220;][et_pb_image _builder_version=&#8220;4.27.0&#8243; _module_preset=&#8220;default&#8220; title_text=&#8220;Manuelstrasse_2&#8243; src=&#8220;https:\/\/test.jeker.eu\/wp-content\/uploads\/2024\/08\/Manuelstrasse_2-e1725614296475.jpg&#8220; hover_enabled=&#8220;0&#8243; sticky_enabled=&#8220;0&#8243;][\/et_pb_image][\/et_pb_column][et_pb_column type=&#8220;1_2&#8243; _builder_version=&#8220;4.27.0&#8243; _module_preset=&#8220;default&#8220; global_colors_info=&#8220;{}&#8220;][et_pb_image _builder_version=&#8220;4.27.0&#8243; _module_preset=&#8220;default&#8220; title_text=&#8220;Manuelstrasse_4&#8243; src=&#8220;https:\/\/test.jeker.eu\/wp-content\/uploads\/2024\/08\/Manuelstrasse_4-e1725614334638.jpg&#8220; hover_enabled=&#8220;0&#8243; sticky_enabled=&#8220;0&#8243;][\/et_pb_image][\/et_pb_column][\/et_pb_row][\/et_pb_section]<\/p>\n","protected":false},"excerpt":{"rendered":"<p>Wohn\u00fcberbauung ManuelstrasseBern 2000-2002In exklusiver Wohnlage direkt am Elfenaupark wurden 3 Geb\u00e4ude mit Eigentumswohnungen erstellt. Diese gruppieren sich um einen Siedlungsplatz mit Brunnen und Pergola, wo gemeinsame Aktivit\u00e4ten stattfinden k\u00f6nnen. Die privaten Aussenr\u00e4ume sind durch Natur- steinmauern aus der parkartigen Umgebung abgehoben und getrennt.Hainbuchenhecken bilden im jahreszeitlichen Wechsel ein spannendes Gegen\u00fcber zu den Fassaden. Das frische [&hellip;]<\/p>\n","protected":false},"author":1,"featured_media":0,"parent":0,"menu_order":0,"comment_status":"closed","ping_status":"closed","template":"","meta":{"_et_pb_use_builder":"on","_et_pb_old_content":"","_et_gb_content_width":"","footnotes":""},"class_list":["post-589","page","type-page","status-publish","hentry"],"aioseo_notices":[],"_links":{"self":[{"href":"https:\/\/test.jeker.eu\/index.php\/wp-json\/wp\/v2\/pages\/589","targetHints":{"allow":["GET"]}}],"collection":[{"href":"https:\/\/test.jeker.eu\/index.php\/wp-json\/wp\/v2\/pages"}],"about":[{"href":"https:\/\/test.jeker.eu\/index.php\/wp-json\/wp\/v2\/types\/page"}],"author":[{"embeddable":true,"href":"https:\/\/test.jeker.eu\/index.php\/wp-json\/wp\/v2\/users\/1"}],"replies":[{"embeddable":true,"href":"https:\/\/test.jeker.eu\/index.php\/wp-json\/wp\/v2\/comments?post=589"}],"version-history":[{"count":6,"href":"https:\/\/test.jeker.eu\/index.php\/wp-json\/wp\/v2\/pages\/589\/revisions"}],"predecessor-version":[{"id":1098,"href":"https:\/\/test.jeker.eu\/index.php\/wp-json\/wp\/v2\/pages\/589\/revisions\/1098"}],"wp:attachment":[{"href":"https:\/\/test.jeker.eu\/index.php\/wp-json\/wp\/v2\/media?parent=589"}],"curies":[{"name":"wp","href":"https:\/\/api.w.org\/{rel}","templated":true}]}}