{"id":598,"date":"2024-08-23T09:02:01","date_gmt":"2024-08-23T09:02:01","guid":{"rendered":"https:\/\/test.jeker.eu\/?page_id=598"},"modified":"2024-09-06T09:21:37","modified_gmt":"2024-09-06T09:21:37","slug":"wohnueberbauung-mattenpark","status":"publish","type":"page","link":"https:\/\/test.jeker.eu\/index.php\/wohnueberbauung-mattenpark\/","title":{"rendered":"Wohn\u00fcberbauung Mattenpark"},"content":{"rendered":"<p>[et_pb_section fb_built=&#8220;1&#8243; _builder_version=&#8220;4.27.0&#8243; _module_preset=&#8220;default&#8220; global_colors_info=&#8220;{}&#8220;][et_pb_row column_structure=&#8220;1_4,1_4,1_4,1_4&#8243; _builder_version=&#8220;4.27.0&#8243; _module_preset=&#8220;default&#8220; hover_enabled=&#8220;0&#8243; global_colors_info=&#8220;{}&#8220; use_custom_gutter=&#8220;on&#8220; sticky_enabled=&#8220;0&#8243;][et_pb_column type=&#8220;1_4&#8243; _builder_version=&#8220;4.27.0&#8243; _module_preset=&#8220;default&#8220; global_colors_info=&#8220;{}&#8220;][et_pb_text _builder_version=&#8220;4.27.0&#8243; _module_preset=&#8220;default&#8220; global_colors_info=&#8220;{}&#8220;]<\/p>\n<p><strong>Wohn\u00fcberbauung Mattenpark<br \/>Oberdiessbach<br \/>2003-2006<\/strong><\/p>\n<p>[\/et_pb_text][\/et_pb_column][et_pb_column type=&#8220;1_4&#8243; _builder_version=&#8220;4.27.0&#8243; _module_preset=&#8220;default&#8220; global_colors_info=&#8220;{}&#8220;][et_pb_image src=&#8220;https:\/\/test.jeker.eu\/wp-content\/uploads\/2024\/08\/Mattenpark_4-300&#215;174-1.jpg&#8220; title_text=&#8220;Mattenpark_4-300&#215;174&#8243; align=&#8220;right&#8220; _builder_version=&#8220;4.27.0&#8243; _module_preset=&#8220;default&#8220; global_colors_info=&#8220;{}&#8220;][\/et_pb_image][et_pb_divider show_divider=&#8220;off&#8220; _builder_version=&#8220;4.27.0&#8243; _module_preset=&#8220;default&#8220; global_colors_info=&#8220;{}&#8220;][\/et_pb_divider][et_pb_image src=&#8220;https:\/\/test.jeker.eu\/wp-content\/uploads\/2024\/08\/Mattenpark_3-300&#215;174-1.jpg&#8220; title_text=&#8220;Mattenpark_3-300&#215;174&#8243; align=&#8220;right&#8220; _builder_version=&#8220;4.27.0&#8243; _module_preset=&#8220;default&#8220; global_colors_info=&#8220;{}&#8220;][\/et_pb_image][\/et_pb_column][et_pb_column type=&#8220;1_4&#8243; _builder_version=&#8220;4.27.0&#8243; _module_preset=&#8220;default&#8220; global_colors_info=&#8220;{}&#8220;][\/et_pb_column][et_pb_column type=&#8220;1_4&#8243; _builder_version=&#8220;4.27.0&#8243; _module_preset=&#8220;default&#8220; global_colors_info=&#8220;{}&#8220;][et_pb_text _builder_version=&#8220;4.27.0&#8243; _module_preset=&#8220;default&#8220; global_colors_info=&#8220;{}&#8220;]<\/p>\n<p>Die Wohn\u00fcberbauung &#8218;Mattenpark&#8216; besteht aus vier Mehrfamilienh\u00e4usern und erm\u00f6glicht modernes Wohnen im d\u00f6rflichen Umfeld.<br \/>Die Umgebung wurde mit traditionell d\u00f6rflichen Elementen modern gestaltet. Der Aussenraum ist klar in halb\u00f6ffentliche und private Bereiche gegliedert. Die Trennung ist aber jeweils halbtansparent gestaltet so dass keine &#8217;st\u00e4dtische&#8216; Anonymit\u00e4t entsteht und das Gespr\u00e4ch am &#8218;Gartenhag&#8216; m\u00f6glich ist.<br \/>Die Bepflanzung mit Obstb\u00e4umen und typischen Pflanzen aus dem Bauerngarten f\u00fcgt sich in das Ortsbild ein. Durch die mehrfache Anbindung der internen Erschliessung an mehreren Punkten wird die \u00dcberbauung ein Teil des Dorfes und funktional integriert.<\/p>\n<p>[\/et_pb_text][\/et_pb_column][\/et_pb_row][et_pb_row column_structure=&#8220;1_2,1_2&#8243; _builder_version=&#8220;4.27.0&#8243; _module_preset=&#8220;default&#8220; hover_enabled=&#8220;0&#8243; global_colors_info=&#8220;{}&#8220; use_custom_gutter=&#8220;on&#8220; sticky_enabled=&#8220;0&#8243;][et_pb_column type=&#8220;1_2&#8243; _builder_version=&#8220;4.27.0&#8243; _module_preset=&#8220;default&#8220; global_colors_info=&#8220;{}&#8220;][et_pb_image src=&#8220;https:\/\/test.jeker.eu\/wp-content\/uploads\/2024\/08\/Mattenpark_1_1.jpg&#8220; title_text=&#8220;Mattenpark_1_1&#8243; align=&#8220;right&#8220; _builder_version=&#8220;4.27.0&#8243; _module_preset=&#8220;default&#8220; global_colors_info=&#8220;{}&#8220;][\/et_pb_image][\/et_pb_column][et_pb_column type=&#8220;1_2&#8243; _builder_version=&#8220;4.27.0&#8243; _module_preset=&#8220;default&#8220; global_colors_info=&#8220;{}&#8220;][et_pb_image src=&#8220;https:\/\/test.jeker.eu\/wp-content\/uploads\/2024\/08\/Mattenpark_6_1.jpg&#8220; title_text=&#8220;Mattenpark_6_1&#8243; align=&#8220;right&#8220; _builder_version=&#8220;4.27.0&#8243; _module_preset=&#8220;default&#8220; global_colors_info=&#8220;{}&#8220;][\/et_pb_image][\/et_pb_column][\/et_pb_row][\/et_pb_section]<\/p>\n","protected":false},"excerpt":{"rendered":"<p>Wohn\u00fcberbauung MattenparkOberdiessbach2003-2006Die Wohn\u00fcberbauung &#8218;Mattenpark&#8216; besteht aus vier Mehrfamilienh\u00e4usern und erm\u00f6glicht modernes Wohnen im d\u00f6rflichen Umfeld.Die Umgebung wurde mit traditionell d\u00f6rflichen Elementen modern gestaltet. Der Aussenraum ist klar in halb\u00f6ffentliche und private Bereiche gegliedert. Die Trennung ist aber jeweils halbtansparent gestaltet so dass keine &#8217;st\u00e4dtische&#8216; Anonymit\u00e4t entsteht und das Gespr\u00e4ch am &#8218;Gartenhag&#8216; m\u00f6glich ist.Die Bepflanzung mit [&hellip;]<\/p>\n","protected":false},"author":1,"featured_media":0,"parent":0,"menu_order":0,"comment_status":"closed","ping_status":"closed","template":"","meta":{"_et_pb_use_builder":"on","_et_pb_old_content":"","_et_gb_content_width":"","footnotes":""},"class_list":["post-598","page","type-page","status-publish","hentry"],"aioseo_notices":[],"_links":{"self":[{"href":"https:\/\/test.jeker.eu\/index.php\/wp-json\/wp\/v2\/pages\/598","targetHints":{"allow":["GET"]}}],"collection":[{"href":"https:\/\/test.jeker.eu\/index.php\/wp-json\/wp\/v2\/pages"}],"about":[{"href":"https:\/\/test.jeker.eu\/index.php\/wp-json\/wp\/v2\/types\/page"}],"author":[{"embeddable":true,"href":"https:\/\/test.jeker.eu\/index.php\/wp-json\/wp\/v2\/users\/1"}],"replies":[{"embeddable":true,"href":"https:\/\/test.jeker.eu\/index.php\/wp-json\/wp\/v2\/comments?post=598"}],"version-history":[{"count":6,"href":"https:\/\/test.jeker.eu\/index.php\/wp-json\/wp\/v2\/pages\/598\/revisions"}],"predecessor-version":[{"id":1099,"href":"https:\/\/test.jeker.eu\/index.php\/wp-json\/wp\/v2\/pages\/598\/revisions\/1099"}],"wp:attachment":[{"href":"https:\/\/test.jeker.eu\/index.php\/wp-json\/wp\/v2\/media?parent=598"}],"curies":[{"name":"wp","href":"https:\/\/api.w.org\/{rel}","templated":true}]}}