{"id":609,"date":"2024-08-23T09:11:17","date_gmt":"2024-08-23T09:11:17","guid":{"rendered":"https:\/\/test.jeker.eu\/?page_id=609"},"modified":"2024-09-06T09:22:35","modified_gmt":"2024-09-06T09:22:35","slug":"verwaltungsgebaeude-taubenstrasse-16-bern","status":"publish","type":"page","link":"https:\/\/test.jeker.eu\/index.php\/verwaltungsgebaeude-taubenstrasse-16-bern\/","title":{"rendered":"Verwaltungsgeb\u00e4ude Taubenstrasse 16 Bern"},"content":{"rendered":"<p>[et_pb_section fb_built=&#8220;1&#8243; _builder_version=&#8220;4.27.0&#8243; _module_preset=&#8220;default&#8220; global_colors_info=&#8220;{}&#8220;][et_pb_row column_structure=&#8220;1_4,1_4,1_4,1_4&#8243; _builder_version=&#8220;4.27.0&#8243; _module_preset=&#8220;default&#8220; hover_enabled=&#8220;0&#8243; global_colors_info=&#8220;{}&#8220; use_custom_gutter=&#8220;on&#8220; sticky_enabled=&#8220;0&#8243;][et_pb_column type=&#8220;1_4&#8243; _builder_version=&#8220;4.27.0&#8243; _module_preset=&#8220;default&#8220; global_colors_info=&#8220;{}&#8220;][et_pb_text _builder_version=&#8220;4.27.0&#8243; _module_preset=&#8220;default&#8220; global_colors_info=&#8220;{}&#8220;]<\/p>\n<p><strong>Verwaltungsgeb\u00e4ude Taubenstrasse 16 Bern<br \/>2002-2004<\/strong><\/p>\n<p>[\/et_pb_text][\/et_pb_column][et_pb_column type=&#8220;1_4&#8243; _builder_version=&#8220;4.27.0&#8243; _module_preset=&#8220;default&#8220; global_colors_info=&#8220;{}&#8220;][et_pb_image src=&#8220;https:\/\/test.jeker.eu\/wp-content\/uploads\/2024\/08\/Tauben_7-300&#215;173-1.jpg&#8220; title_text=&#8220;Tauben_7-300&#215;173&#8243; align=&#8220;right&#8220; _builder_version=&#8220;4.27.0&#8243; _module_preset=&#8220;default&#8220; global_colors_info=&#8220;{}&#8220;][\/et_pb_image][et_pb_divider show_divider=&#8220;off&#8220; _builder_version=&#8220;4.27.0&#8243; _module_preset=&#8220;default&#8220; global_colors_info=&#8220;{}&#8220;][\/et_pb_divider][et_pb_image src=&#8220;https:\/\/test.jeker.eu\/wp-content\/uploads\/2024\/08\/Tauben_5_1-300&#215;174-2.jpg&#8220; title_text=&#8220;Tauben_5_1-300&#215;174&#8243; align=&#8220;right&#8220; _builder_version=&#8220;4.27.0&#8243; _module_preset=&#8220;default&#8220; global_colors_info=&#8220;{}&#8220;][\/et_pb_image][\/et_pb_column][et_pb_column type=&#8220;1_4&#8243; _builder_version=&#8220;4.27.0&#8243; _module_preset=&#8220;default&#8220; global_colors_info=&#8220;{}&#8220;][\/et_pb_column][et_pb_column type=&#8220;1_4&#8243; _builder_version=&#8220;4.27.0&#8243; _module_preset=&#8220;default&#8220; global_colors_info=&#8220;{}&#8220;][et_pb_text _builder_version=&#8220;4.27.0&#8243; _module_preset=&#8220;default&#8220; global_colors_info=&#8220;{}&#8220;]<\/p>\n<p>Das Umgebungsgestaltungskonzept reagiert auf die verschiedenen r\u00e4umlichen und st\u00e4dtebaulichen Situationen. Die Anbindung an den innerst\u00e4dtischen Raum an der Taubenstrasse erfolgt mit einem modern und schlicht gestalteten Vorplatz. Auf der anderen Geb\u00e4udeseite wird der \u00dcbergang in den Aareraum mit einem orthogonalem Sitzplatz, \u00fcber geschnittene Hecken bis zu heimischen Waldsaumstauden zum Thema der Umgebungsgestaltung. Daneben wird die urspr\u00fcngliche Idee, der Blick in den Aareraum unter dem Geb\u00e4ude hindurch, erhalten und durch keine r\u00e4umlich wirksamen Elemente gest\u00f6rt.<br \/>Die Wechselbeziehung Stadt-Aareraum ist Thema f\u00fcr ein beidseitig bedienbaren Sitzelement, das mit seiner Wellenform an die im Sommerhalbjahr nicht sichtbare Aare erinnert.<\/p>\n<p>[\/et_pb_text][\/et_pb_column][\/et_pb_row][et_pb_row column_structure=&#8220;1_2,1_2&#8243; _builder_version=&#8220;4.27.0&#8243; _module_preset=&#8220;default&#8220; hover_enabled=&#8220;0&#8243; global_colors_info=&#8220;{}&#8220; use_custom_gutter=&#8220;on&#8220; sticky_enabled=&#8220;0&#8243;][et_pb_column type=&#8220;1_2&#8243; _builder_version=&#8220;4.27.0&#8243; _module_preset=&#8220;default&#8220; global_colors_info=&#8220;{}&#8220;][et_pb_image src=&#8220;https:\/\/test.jeker.eu\/wp-content\/uploads\/2024\/08\/Tauben_3_1.jpg&#8220; title_text=&#8220;Tauben_3_1&#8243; align=&#8220;right&#8220; _builder_version=&#8220;4.27.0&#8243; _module_preset=&#8220;default&#8220; global_colors_info=&#8220;{}&#8220;][\/et_pb_image][\/et_pb_column][et_pb_column type=&#8220;1_2&#8243; _builder_version=&#8220;4.27.0&#8243; _module_preset=&#8220;default&#8220; global_colors_info=&#8220;{}&#8220;][et_pb_image src=&#8220;https:\/\/test.jeker.eu\/wp-content\/uploads\/2024\/08\/Tauben_1_1.jpg&#8220; title_text=&#8220;Tauben_1_1&#8243; align=&#8220;right&#8220; _builder_version=&#8220;4.27.0&#8243; _module_preset=&#8220;default&#8220; global_colors_info=&#8220;{}&#8220;][\/et_pb_image][\/et_pb_column][\/et_pb_row][\/et_pb_section]<\/p>\n","protected":false},"excerpt":{"rendered":"<p>Verwaltungsgeb\u00e4ude Taubenstrasse 16 Bern2002-2004Das Umgebungsgestaltungskonzept reagiert auf die verschiedenen r\u00e4umlichen und st\u00e4dtebaulichen Situationen. Die Anbindung an den innerst\u00e4dtischen Raum an der Taubenstrasse erfolgt mit einem modern und schlicht gestalteten Vorplatz. Auf der anderen Geb\u00e4udeseite wird der \u00dcbergang in den Aareraum mit einem orthogonalem Sitzplatz, \u00fcber geschnittene Hecken bis zu heimischen Waldsaumstauden zum Thema der Umgebungsgestaltung. [&hellip;]<\/p>\n","protected":false},"author":1,"featured_media":0,"parent":0,"menu_order":0,"comment_status":"closed","ping_status":"closed","template":"","meta":{"_et_pb_use_builder":"on","_et_pb_old_content":"","_et_gb_content_width":"","footnotes":""},"class_list":["post-609","page","type-page","status-publish","hentry"],"aioseo_notices":[],"_links":{"self":[{"href":"https:\/\/test.jeker.eu\/index.php\/wp-json\/wp\/v2\/pages\/609","targetHints":{"allow":["GET"]}}],"collection":[{"href":"https:\/\/test.jeker.eu\/index.php\/wp-json\/wp\/v2\/pages"}],"about":[{"href":"https:\/\/test.jeker.eu\/index.php\/wp-json\/wp\/v2\/types\/page"}],"author":[{"embeddable":true,"href":"https:\/\/test.jeker.eu\/index.php\/wp-json\/wp\/v2\/users\/1"}],"replies":[{"embeddable":true,"href":"https:\/\/test.jeker.eu\/index.php\/wp-json\/wp\/v2\/comments?post=609"}],"version-history":[{"count":6,"href":"https:\/\/test.jeker.eu\/index.php\/wp-json\/wp\/v2\/pages\/609\/revisions"}],"predecessor-version":[{"id":1100,"href":"https:\/\/test.jeker.eu\/index.php\/wp-json\/wp\/v2\/pages\/609\/revisions\/1100"}],"wp:attachment":[{"href":"https:\/\/test.jeker.eu\/index.php\/wp-json\/wp\/v2\/media?parent=609"}],"curies":[{"name":"wp","href":"https:\/\/api.w.org\/{rel}","templated":true}]}}