{"id":629,"date":"2024-08-23T09:29:04","date_gmt":"2024-08-23T09:29:04","guid":{"rendered":"https:\/\/test.jeker.eu\/?page_id=629"},"modified":"2024-09-06T09:24:45","modified_gmt":"2024-09-06T09:24:45","slug":"sanierung-froeschmatt-zypressenstrasse-bern","status":"publish","type":"page","link":"https:\/\/test.jeker.eu\/index.php\/sanierung-froeschmatt-zypressenstrasse-bern\/","title":{"rendered":"Sanierung Fr\u00f6schmatt-  Zypressenstrasse Bern"},"content":{"rendered":"<p>[et_pb_section fb_built=&#8220;1&#8243; _builder_version=&#8220;4.27.0&#8243; _module_preset=&#8220;default&#8220; global_colors_info=&#8220;{}&#8220;][et_pb_row column_structure=&#8220;1_4,1_4,1_4,1_4&#8243; use_custom_gutter=&#8220;on&#8220; _builder_version=&#8220;4.27.0&#8243; _module_preset=&#8220;default&#8220; global_colors_info=&#8220;{}&#8220;][et_pb_column type=&#8220;1_4&#8243; _builder_version=&#8220;4.27.0&#8243; _module_preset=&#8220;default&#8220; global_colors_info=&#8220;{}&#8220;][et_pb_text _builder_version=&#8220;4.27.0&#8243; _module_preset=&#8220;default&#8220; global_colors_info=&#8220;{}&#8220;]<\/p>\n<p><strong>Sanierung Fr\u00f6schmatt-\/Zypressenstrasse Bern<br \/>Pilotprojekt Biodiversit\u00e4t im st\u00e4dtischen<br \/>Wohnumfeld<\/strong><\/p>\n<p>Vorprojekt \/ Bauprojekt 2011-2012<br \/>Ausf\u00fchrung 2013-2014<\/p>\n<p>[\/et_pb_text][\/et_pb_column][et_pb_column type=&#8220;1_4&#8243; _builder_version=&#8220;4.27.0&#8243; _module_preset=&#8220;default&#8220; global_colors_info=&#8220;{}&#8220;][et_pb_image src=&#8220;https:\/\/test.jeker.eu\/wp-content\/uploads\/2024\/08\/BIO1-300&#215;177-1.jpg&#8220; title_text=&#8220;BIO1-300&#215;177&#8243; align=&#8220;right&#8220; _builder_version=&#8220;4.27.0&#8243; _module_preset=&#8220;default&#8220; global_colors_info=&#8220;{}&#8220;][\/et_pb_image][et_pb_divider show_divider=&#8220;off&#8220; _builder_version=&#8220;4.27.0&#8243; _module_preset=&#8220;default&#8220; global_colors_info=&#8220;{}&#8220;][\/et_pb_divider][et_pb_image src=&#8220;https:\/\/test.jeker.eu\/wp-content\/uploads\/2024\/08\/froeschmatt3-300&#215;177-2.jpg&#8220; title_text=&#8220;froeschmatt3-300&#215;177&#8243; align=&#8220;right&#8220; _builder_version=&#8220;4.27.0&#8243; _module_preset=&#8220;default&#8220; global_colors_info=&#8220;{}&#8220;][\/et_pb_image][\/et_pb_column][et_pb_column type=&#8220;1_4&#8243; _builder_version=&#8220;4.27.0&#8243; _module_preset=&#8220;default&#8220; global_colors_info=&#8220;{}&#8220;][et_pb_text _builder_version=&#8220;4.27.0&#8243; _module_preset=&#8220;default&#8220; border_width_right=&#8220;15px&#8220; border_color_right=&#8220;#FFFFFF&#8220; border_width_left=&#8220;15px&#8220; border_color_left=&#8220;#FFFFFF&#8220; global_colors_info=&#8220;{}&#8220;]<\/p>\n<p>Im Rahmen der Sanierung zweier Wohnbl\u00f6cke der Stadt Bern im Minergie P-Eco Standard erfolgte auch eine \u00f6kologische und sozial- r\u00e4umliche Aufwertung des Aussenraumes mit besonderem Augenmerk auf der F\u00f6rderung der Biodiversit\u00e4t.<br \/>In Zusammenarbeit mit der Fachstelle \u00d6kologie Stadtgr\u00fcn Bern, dem B\u00fcro Naturaqua und dem B\u00fcro f\u00fcr soziale Plastik wurden die Ziele definiert und an mehreren Workshops mit den Mietern ein Konzept erarbeitet. Der neu gestaltete Aussenraum bietet sowohl f\u00fcr die Bewohner wie auch f\u00fcr die Natur eine grosse Vielfalt.<\/p>\n<p>[\/et_pb_text][\/et_pb_column][et_pb_column type=&#8220;1_4&#8243; _builder_version=&#8220;4.27.0&#8243; _module_preset=&#8220;default&#8220; global_colors_info=&#8220;{}&#8220;][et_pb_text _builder_version=&#8220;4.27.0&#8243; _module_preset=&#8220;default&#8220; global_colors_info=&#8220;{}&#8220;]<\/p>\n<p>Spielbereiche, Treffpunkte, R\u00fcckzugs- nischen, Nutz- und Kr\u00e4uterg\u00e4rten, Obstb\u00e4ume, Beerenstr\u00e4ucher und ein Gemeinschaftsplatz mit Grillstelle erm\u00f6glichen unterschiedliche Besch\u00e4ftigungen. Wildhecken, Blumenwiese, Trockenmauern, Kies- und Ruderalfl\u00e4chen, Trocken- und Feuchtstandorte, Hochstauden- fl\u00e4chen und Krauts\u00e4ume bieten verschiedenste Lebensr\u00e4ume f\u00fcr eine Vielzahl an Tieren und Pflanzen.<br \/>Durch den Einbezug der Mieter in die Planung und der Bildung einer \u201aGartengruppe\u2019 werden die sozialen Kontakte gef\u00f6rdert sowie Betrieb und Unterhalt der Anlage gesichert.<br \/>Moeri &amp; Partner AG \/ Friedli &#8218; Genoux Architekten<\/p>\n<p>[\/et_pb_text][\/et_pb_column][\/et_pb_row][et_pb_row column_structure=&#8220;1_2,1_2&#8243; use_custom_gutter=&#8220;on&#8220; admin_label=&#8220;Zeile&#8220; _builder_version=&#8220;4.27.0&#8243; _module_preset=&#8220;default&#8220; global_colors_info=&#8220;{}&#8220;][et_pb_column type=&#8220;1_2&#8243; _builder_version=&#8220;4.27.0&#8243; _module_preset=&#8220;default&#8220; global_colors_info=&#8220;{}&#8220;][et_pb_image src=&#8220;https:\/\/test.jeker.eu\/wp-content\/uploads\/2024\/08\/froeschmatt1.jpg&#8220; title_text=&#8220;froeschmatt1&#8243; align=&#8220;right&#8220; _builder_version=&#8220;4.27.0&#8243; _module_preset=&#8220;default&#8220; global_colors_info=&#8220;{}&#8220;][\/et_pb_image][\/et_pb_column][et_pb_column type=&#8220;1_2&#8243; _builder_version=&#8220;4.27.0&#8243; _module_preset=&#8220;default&#8220; global_colors_info=&#8220;{}&#8220;][et_pb_image src=&#8220;https:\/\/test.jeker.eu\/wp-content\/uploads\/2024\/08\/froeschmatt4.jpg&#8220; title_text=&#8220;froeschmatt4&#8243; align=&#8220;right&#8220; _builder_version=&#8220;4.27.0&#8243; _module_preset=&#8220;default&#8220; global_colors_info=&#8220;{}&#8220;][\/et_pb_image][\/et_pb_column][\/et_pb_row][\/et_pb_section]<\/p>\n","protected":false},"excerpt":{"rendered":"<p>Sanierung Fr\u00f6schmatt-\/Zypressenstrasse BernPilotprojekt Biodiversit\u00e4t im st\u00e4dtischenWohnumfeld Vorprojekt \/ Bauprojekt 2011-2012Ausf\u00fchrung 2013-2014Im Rahmen der Sanierung zweier Wohnbl\u00f6cke der Stadt Bern im Minergie P-Eco Standard erfolgte auch eine \u00f6kologische und sozial- r\u00e4umliche Aufwertung des Aussenraumes mit besonderem Augenmerk auf der F\u00f6rderung der Biodiversit\u00e4t.In Zusammenarbeit mit der Fachstelle \u00d6kologie Stadtgr\u00fcn Bern, dem B\u00fcro Naturaqua und dem B\u00fcro f\u00fcr [&hellip;]<\/p>\n","protected":false},"author":1,"featured_media":0,"parent":0,"menu_order":0,"comment_status":"closed","ping_status":"closed","template":"","meta":{"_et_pb_use_builder":"on","_et_pb_old_content":"","_et_gb_content_width":"","footnotes":""},"class_list":["post-629","page","type-page","status-publish","hentry"],"aioseo_notices":[],"_links":{"self":[{"href":"https:\/\/test.jeker.eu\/index.php\/wp-json\/wp\/v2\/pages\/629","targetHints":{"allow":["GET"]}}],"collection":[{"href":"https:\/\/test.jeker.eu\/index.php\/wp-json\/wp\/v2\/pages"}],"about":[{"href":"https:\/\/test.jeker.eu\/index.php\/wp-json\/wp\/v2\/types\/page"}],"author":[{"embeddable":true,"href":"https:\/\/test.jeker.eu\/index.php\/wp-json\/wp\/v2\/users\/1"}],"replies":[{"embeddable":true,"href":"https:\/\/test.jeker.eu\/index.php\/wp-json\/wp\/v2\/comments?post=629"}],"version-history":[{"count":8,"href":"https:\/\/test.jeker.eu\/index.php\/wp-json\/wp\/v2\/pages\/629\/revisions"}],"predecessor-version":[{"id":1102,"href":"https:\/\/test.jeker.eu\/index.php\/wp-json\/wp\/v2\/pages\/629\/revisions\/1102"}],"wp:attachment":[{"href":"https:\/\/test.jeker.eu\/index.php\/wp-json\/wp\/v2\/media?parent=629"}],"curies":[{"name":"wp","href":"https:\/\/api.w.org\/{rel}","templated":true}]}}