{"id":664,"date":"2024-08-23T12:38:13","date_gmt":"2024-08-23T12:38:13","guid":{"rendered":"https:\/\/test.jeker.eu\/?page_id=664"},"modified":"2024-09-06T09:26:25","modified_gmt":"2024-09-06T09:26:25","slug":"sanierung-neugestaltung-schulhaus-breitenrain-bern","status":"publish","type":"page","link":"https:\/\/test.jeker.eu\/index.php\/sanierung-neugestaltung-schulhaus-breitenrain-bern\/","title":{"rendered":"Sanierung \/ Neugestaltung Schulhaus Breitenrain Bern"},"content":{"rendered":"<p>[et_pb_section fb_built=&#8220;1&#8243; _builder_version=&#8220;4.27.0&#8243; _module_preset=&#8220;default&#8220; global_colors_info=&#8220;{}&#8220;][et_pb_row column_structure=&#8220;1_4,1_4,1_4,1_4&#8243; _builder_version=&#8220;4.27.0&#8243; _module_preset=&#8220;default&#8220; hover_enabled=&#8220;0&#8243; global_colors_info=&#8220;{}&#8220; use_custom_gutter=&#8220;on&#8220; sticky_enabled=&#8220;0&#8243;][et_pb_column type=&#8220;1_4&#8243; _builder_version=&#8220;4.27.0&#8243; _module_preset=&#8220;default&#8220; global_colors_info=&#8220;{}&#8220;][et_pb_text _builder_version=&#8220;4.27.0&#8243; _module_preset=&#8220;default&#8220; global_colors_info=&#8220;{}&#8220;]<\/p>\n<p><strong>Sanierung \/ Neugestaltung Schulhaus<br \/>Breitenrain Bern 2005-2008<\/strong><\/p>\n<p>[\/et_pb_text][\/et_pb_column][et_pb_column type=&#8220;1_4&#8243; _builder_version=&#8220;4.27.0&#8243; _module_preset=&#8220;default&#8220; global_colors_info=&#8220;{}&#8220;][et_pb_image src=&#8220;https:\/\/test.jeker.eu\/wp-content\/uploads\/2024\/08\/Breitenrain_1-300&#215;180-1.jpg&#8220; title_text=&#8220;Breitenrain_1-300&#215;180&#8243; align=&#8220;right&#8220; _builder_version=&#8220;4.27.0&#8243; _module_preset=&#8220;default&#8220; global_colors_info=&#8220;{}&#8220;][\/et_pb_image][et_pb_divider show_divider=&#8220;off&#8220; _builder_version=&#8220;4.27.0&#8243; _module_preset=&#8220;default&#8220; global_colors_info=&#8220;{}&#8220;][\/et_pb_divider][et_pb_image src=&#8220;https:\/\/test.jeker.eu\/wp-content\/uploads\/2024\/08\/Breitenrain_2-300&#215;180-1.jpg&#8220; title_text=&#8220;Breitenrain_2-300&#215;180&#8243; align=&#8220;right&#8220; _builder_version=&#8220;4.27.0&#8243; _module_preset=&#8220;default&#8220; global_colors_info=&#8220;{}&#8220;][\/et_pb_image][\/et_pb_column][et_pb_column type=&#8220;1_4&#8243; _builder_version=&#8220;4.27.0&#8243; _module_preset=&#8220;default&#8220; global_colors_info=&#8220;{}&#8220;][\/et_pb_column][et_pb_column type=&#8220;1_4&#8243; _builder_version=&#8220;4.27.0&#8243; _module_preset=&#8220;default&#8220; global_colors_info=&#8220;{}&#8220;][et_pb_text _builder_version=&#8220;4.27.0&#8243; _module_preset=&#8220;default&#8220; global_colors_info=&#8220;{}&#8220;]<\/p>\n<p>Das historische Schulhausgeb\u00e4ude wurde auf eine einheitliche und schlichte Belagsfl\u00e4che gestellt, und somit hervorgehoben. Eine lockere Baumreihe bildet einen Filter zum Erweiterungsbau und zum neuen Spiel- und Sportfeld. Dieses bildet einen Farbtupfer, da es mit einem blauem Kunststoffbelag versehen wurde.<br \/>Gr\u00fcnfl\u00e4chen mit einheimischer Bepflanzung, und Kiespl\u00e4tze in den Randbereichen bilden Nischen und R\u00fcckzugsbereiche. In einer angrenzenden Gr\u00fcnanlage wurde ein zus\u00e4tzlicher Spielplatz gebaut. P\u00e4dagogisch wertvolle Spielger\u00e4te bieten vielf\u00e4ltige Spielm\u00f6glichkeiten (Klettern, Balancieren, Schaukeln), die vor allem der motorischen Entwicklung der Kinder dienen.<\/p>\n<p>[\/et_pb_text][\/et_pb_column][\/et_pb_row][et_pb_row column_structure=&#8220;1_2,1_2&#8243; admin_label=&#8220;Zeile&#8220; _builder_version=&#8220;4.27.0&#8243; _module_preset=&#8220;default&#8220; hover_enabled=&#8220;0&#8243; global_colors_info=&#8220;{}&#8220; use_custom_gutter=&#8220;on&#8220; sticky_enabled=&#8220;0&#8243;][et_pb_column type=&#8220;1_2&#8243; _builder_version=&#8220;4.27.0&#8243; _module_preset=&#8220;default&#8220; global_colors_info=&#8220;{}&#8220;][et_pb_image src=&#8220;https:\/\/test.jeker.eu\/wp-content\/uploads\/2024\/08\/Breitenrain_5_1.jpg&#8220; title_text=&#8220;Breitenrain_5_1&#8243; align=&#8220;right&#8220; _builder_version=&#8220;4.27.0&#8243; _module_preset=&#8220;default&#8220; global_colors_info=&#8220;{}&#8220;][\/et_pb_image][\/et_pb_column][et_pb_column type=&#8220;1_2&#8243; _builder_version=&#8220;4.27.0&#8243; _module_preset=&#8220;default&#8220; global_colors_info=&#8220;{}&#8220;][et_pb_image src=&#8220;https:\/\/test.jeker.eu\/wp-content\/uploads\/2024\/08\/Breitenrain_7_1.jpg&#8220; title_text=&#8220;DIGITAL CAMERA&#8220; align=&#8220;right&#8220; _builder_version=&#8220;4.27.0&#8243; _module_preset=&#8220;default&#8220; global_colors_info=&#8220;{}&#8220;][\/et_pb_image][\/et_pb_column][\/et_pb_row][\/et_pb_section]<\/p>\n","protected":false},"excerpt":{"rendered":"<p>Sanierung \/ Neugestaltung SchulhausBreitenrain Bern 2005-2008Das historische Schulhausgeb\u00e4ude wurde auf eine einheitliche und schlichte Belagsfl\u00e4che gestellt, und somit hervorgehoben. Eine lockere Baumreihe bildet einen Filter zum Erweiterungsbau und zum neuen Spiel- und Sportfeld. Dieses bildet einen Farbtupfer, da es mit einem blauem Kunststoffbelag versehen wurde.Gr\u00fcnfl\u00e4chen mit einheimischer Bepflanzung, und Kiespl\u00e4tze in den Randbereichen bilden Nischen [&hellip;]<\/p>\n","protected":false},"author":1,"featured_media":0,"parent":0,"menu_order":0,"comment_status":"closed","ping_status":"closed","template":"","meta":{"_et_pb_use_builder":"on","_et_pb_old_content":"","_et_gb_content_width":"","footnotes":""},"class_list":["post-664","page","type-page","status-publish","hentry"],"aioseo_notices":[],"_links":{"self":[{"href":"https:\/\/test.jeker.eu\/index.php\/wp-json\/wp\/v2\/pages\/664","targetHints":{"allow":["GET"]}}],"collection":[{"href":"https:\/\/test.jeker.eu\/index.php\/wp-json\/wp\/v2\/pages"}],"about":[{"href":"https:\/\/test.jeker.eu\/index.php\/wp-json\/wp\/v2\/types\/page"}],"author":[{"embeddable":true,"href":"https:\/\/test.jeker.eu\/index.php\/wp-json\/wp\/v2\/users\/1"}],"replies":[{"embeddable":true,"href":"https:\/\/test.jeker.eu\/index.php\/wp-json\/wp\/v2\/comments?post=664"}],"version-history":[{"count":6,"href":"https:\/\/test.jeker.eu\/index.php\/wp-json\/wp\/v2\/pages\/664\/revisions"}],"predecessor-version":[{"id":1104,"href":"https:\/\/test.jeker.eu\/index.php\/wp-json\/wp\/v2\/pages\/664\/revisions\/1104"}],"wp:attachment":[{"href":"https:\/\/test.jeker.eu\/index.php\/wp-json\/wp\/v2\/media?parent=664"}],"curies":[{"name":"wp","href":"https:\/\/api.w.org\/{rel}","templated":true}]}}