{"id":82,"date":"2024-08-15T12:16:35","date_gmt":"2024-08-15T12:16:35","guid":{"rendered":"https:\/\/test.jeker.eu\/?page_id=82"},"modified":"2024-09-04T13:22:00","modified_gmt":"2024-09-04T13:22:00","slug":"wohnueberbauung-dreispitz-koeniz","status":"publish","type":"page","link":"https:\/\/test.jeker.eu\/index.php\/wohnueberbauung-dreispitz-koeniz\/","title":{"rendered":"Wohn\u00fcberbauung Dreispitz K\u00f6niz"},"content":{"rendered":"<p>[et_pb_section fb_built=&#8220;1&#8243; _builder_version=&#8220;4.27.0&#8243; _module_preset=&#8220;default&#8220; global_colors_info=&#8220;{}&#8220;][et_pb_row column_structure=&#8220;1_4,1_4,1_4,1_4&#8243; _builder_version=&#8220;4.27.0&#8243; _module_preset=&#8220;default&#8220; hover_enabled=&#8220;0&#8243; global_colors_info=&#8220;{}&#8220; use_custom_gutter=&#8220;on&#8220; sticky_enabled=&#8220;0&#8243;][et_pb_column type=&#8220;1_4&#8243; _builder_version=&#8220;4.27.0&#8243; _module_preset=&#8220;default&#8220; global_colors_info=&#8220;{}&#8220;][et_pb_text _builder_version=&#8220;4.27.0&#8243; _module_preset=&#8220;default&#8220; global_colors_info=&#8220;{}&#8220;]<\/p>\n<p><strong>Wohn\u00fcberbauung Dreispitz K\u00f6niz<br \/>Wettbewerb 2001, 1.Rang<br \/>Vorprojekt \/ Bauprojekt 2003-2005<br \/>Ausf\u00fchrung 2006-2010<br \/>Wohn- und Gesch\u00e4ftsgeb\u00e4ude continuum<br \/>Wettbewerb 2011, 1.Rang<br \/>Fertigstellung 2015<br \/>In Zusammenarbeit mit<\/strong><\/p>\n<p>[\/et_pb_text][et_pb_image src=&#8220;https:\/\/test.jeker.eu\/wp-content\/uploads\/2024\/08\/logo_rykart.png&#8220; title_text=&#8220;logo_rykart&#8220; url=&#8220;http:\/\/www.rykartarchitekten.ch\/&#8220; _builder_version=&#8220;4.27.0&#8243; _module_preset=&#8220;default&#8220; width=&#8220;44%&#8220; global_colors_info=&#8220;{}&#8220;][\/et_pb_image][\/et_pb_column][et_pb_column type=&#8220;1_4&#8243; _builder_version=&#8220;4.27.0&#8243; _module_preset=&#8220;default&#8220; global_colors_info=&#8220;{}&#8220;][et_pb_image src=&#8220;https:\/\/test.jeker.eu\/wp-content\/uploads\/2024\/08\/Dreispitz_1.jpg&#8220; title_text=&#8220;Dreispitz_1&#8243; _builder_version=&#8220;4.27.0&#8243; _module_preset=&#8220;default&#8220; global_colors_info=&#8220;{}&#8220;][\/et_pb_image][et_pb_divider show_divider=&#8220;off&#8220; _builder_version=&#8220;4.27.0&#8243; _module_preset=&#8220;default&#8220; global_colors_info=&#8220;{}&#8220;][\/et_pb_divider][et_pb_image src=&#8220;https:\/\/test.jeker.eu\/wp-content\/uploads\/2024\/08\/Dreispitz6.jpg&#8220; title_text=&#8220;DIGITAL CAMERA&#8220; _builder_version=&#8220;4.27.0&#8243; _module_preset=&#8220;default&#8220; global_colors_info=&#8220;{}&#8220;][\/et_pb_image][\/et_pb_column][et_pb_column type=&#8220;1_4&#8243; _builder_version=&#8220;4.27.0&#8243; _module_preset=&#8220;default&#8220; global_colors_info=&#8220;{}&#8220;][\/et_pb_column][et_pb_column type=&#8220;1_4&#8243; _builder_version=&#8220;4.27.0&#8243; _module_preset=&#8220;default&#8220; global_colors_info=&#8220;{}&#8220;][et_pb_text _builder_version=&#8220;4.27.0&#8243; _module_preset=&#8220;default&#8220; global_colors_info=&#8220;{}&#8220;]<\/p>\n<p>Die Charaktervielfalt der Aussenr\u00e4ume, interessante Geb\u00e4udetypen und eine unkomplizierte Realisierung sind die wichtigsten Vorz\u00fcge des preisgekr\u00f6nten Wettbwerbsentwurfs.<br \/>Die Aussenanlagen zeichenen sich durch eine klare Struktur aus. Die Zonierung \u00d6ffentlich \/ Halbprivat \/ Privat ist Gestaltungsthema und wird lesbar.<br \/>Die grossz\u00fcgigen Vorpl\u00e4tze sind ein Ort der Begegnung und multifunktional nutzbar. Die Gestaltung mit Blumenwiese und freiwachsenden B\u00e4umen ist extensiv und parkartig.<br \/>Der \u00dcbergang zum angrenzenden Park ist aus der Sicht der \u00dcberbauung fliessend, aus Sicht des Parkes aber durch eine niedere Mauer klar lesbar<\/p>\n<p>[\/et_pb_text][\/et_pb_column][\/et_pb_row][et_pb_row column_structure=&#8220;1_2,1_2&#8243; _builder_version=&#8220;4.27.0&#8243; _module_preset=&#8220;default&#8220; hover_enabled=&#8220;0&#8243; global_colors_info=&#8220;{}&#8220; use_custom_gutter=&#8220;on&#8220; sticky_enabled=&#8220;0&#8243;][et_pb_column type=&#8220;1_2&#8243; _builder_version=&#8220;4.27.0&#8243; _module_preset=&#8220;default&#8220; global_colors_info=&#8220;{}&#8220;][et_pb_image src=&#8220;https:\/\/test.jeker.eu\/wp-content\/uploads\/2024\/08\/Dreispitz_0.jpg&#8220; title_text=&#8220;Dreispitz_0&#8243; _builder_version=&#8220;4.27.0&#8243; _module_preset=&#8220;default&#8220; hover_enabled=&#8220;0&#8243; global_colors_info=&#8220;{}&#8220; sticky_enabled=&#8220;0&#8243;][\/et_pb_image][\/et_pb_column][et_pb_column type=&#8220;1_2&#8243; _builder_version=&#8220;4.27.0&#8243; _module_preset=&#8220;default&#8220; global_colors_info=&#8220;{}&#8220;][et_pb_image src=&#8220;https:\/\/test.jeker.eu\/wp-content\/uploads\/2024\/08\/Dreispitz7_1.jpg&#8220; title_text=&#8220;DIGITAL CAMERA&#8220; align=&#8220;right&#8220; _builder_version=&#8220;4.27.0&#8243; _module_preset=&#8220;default&#8220; global_colors_info=&#8220;{}&#8220;][\/et_pb_image][\/et_pb_column][\/et_pb_row][\/et_pb_section]<\/p>\n","protected":false},"excerpt":{"rendered":"<p>Wohn\u00fcberbauung Dreispitz K\u00f6nizWettbewerb 2001, 1.RangVorprojekt \/ Bauprojekt 2003-2005Ausf\u00fchrung 2006-2010Wohn- und Gesch\u00e4ftsgeb\u00e4ude continuumWettbewerb 2011, 1.RangFertigstellung 2015In Zusammenarbeit mitDie Charaktervielfalt der Aussenr\u00e4ume, interessante Geb\u00e4udetypen und eine unkomplizierte Realisierung sind die wichtigsten Vorz\u00fcge des preisgekr\u00f6nten Wettbwerbsentwurfs.Die Aussenanlagen zeichenen sich durch eine klare Struktur aus. Die Zonierung \u00d6ffentlich \/ Halbprivat \/ Privat ist Gestaltungsthema und wird lesbar.Die grossz\u00fcgigen Vorpl\u00e4tze [&hellip;]<\/p>\n","protected":false},"author":1,"featured_media":0,"parent":0,"menu_order":0,"comment_status":"closed","ping_status":"closed","template":"","meta":{"_et_pb_use_builder":"on","_et_pb_old_content":"","_et_gb_content_width":"","footnotes":""},"class_list":["post-82","page","type-page","status-publish","hentry"],"aioseo_notices":[],"_links":{"self":[{"href":"https:\/\/test.jeker.eu\/index.php\/wp-json\/wp\/v2\/pages\/82","targetHints":{"allow":["GET"]}}],"collection":[{"href":"https:\/\/test.jeker.eu\/index.php\/wp-json\/wp\/v2\/pages"}],"about":[{"href":"https:\/\/test.jeker.eu\/index.php\/wp-json\/wp\/v2\/types\/page"}],"author":[{"embeddable":true,"href":"https:\/\/test.jeker.eu\/index.php\/wp-json\/wp\/v2\/users\/1"}],"replies":[{"embeddable":true,"href":"https:\/\/test.jeker.eu\/index.php\/wp-json\/wp\/v2\/comments?post=82"}],"version-history":[{"count":7,"href":"https:\/\/test.jeker.eu\/index.php\/wp-json\/wp\/v2\/pages\/82\/revisions"}],"predecessor-version":[{"id":1022,"href":"https:\/\/test.jeker.eu\/index.php\/wp-json\/wp\/v2\/pages\/82\/revisions\/1022"}],"wp:attachment":[{"href":"https:\/\/test.jeker.eu\/index.php\/wp-json\/wp\/v2\/media?parent=82"}],"curies":[{"name":"wp","href":"https:\/\/api.w.org\/{rel}","templated":true}]}}