{"id":97,"date":"2024-08-15T12:25:41","date_gmt":"2024-08-15T12:25:41","guid":{"rendered":"https:\/\/test.jeker.eu\/?page_id=97"},"modified":"2024-09-06T09:00:43","modified_gmt":"2024-09-06T09:00:43","slug":"tram-bern-west","status":"publish","type":"page","link":"https:\/\/test.jeker.eu\/index.php\/tram-bern-west\/","title":{"rendered":"Tram Bern West"},"content":{"rendered":"<p>[et_pb_section fb_built=&#8220;1&#8243; _builder_version=&#8220;4.27.0&#8243; _module_preset=&#8220;default&#8220; global_colors_info=&#8220;{}&#8220;][et_pb_row column_structure=&#8220;1_4,1_4,1_4,1_4&#8243; use_custom_gutter=&#8220;on&#8220; _builder_version=&#8220;4.27.0&#8243; _module_preset=&#8220;default&#8220; global_colors_info=&#8220;{}&#8220;][et_pb_column type=&#8220;1_4&#8243; _builder_version=&#8220;4.27.0&#8243; _module_preset=&#8220;default&#8220; global_colors_info=&#8220;{}&#8220;][et_pb_text _builder_version=&#8220;4.27.0&#8243; _module_preset=&#8220;default&#8220; global_colors_info=&#8220;{}&#8220;]<\/p>\n<p><strong>Tram Bern West, Wettbewerb 2001<br \/>Abschnitt Bethlehem 1.Rang<br \/>Abschnitt B\u00fcmpliz 1.Rang<br \/>Ausf\u00fchrung 2008-2010<br \/>Tramprojekt und St\u00e4dtebau,<br \/>Gestaltung im \u00f6ffentlichen Raum<br \/>ATU Prix 2012<\/strong><\/p>\n<p>[\/et_pb_text][\/et_pb_column][et_pb_column type=&#8220;1_4&#8243; _builder_version=&#8220;4.27.0&#8243; _module_preset=&#8220;default&#8220; global_colors_info=&#8220;{}&#8220;][et_pb_image src=&#8220;https:\/\/test.jeker.eu\/wp-content\/uploads\/2024\/08\/TBW_3.jpg&#8220; title_text=&#8220;TBW_3&#8243; _builder_version=&#8220;4.27.0&#8243; _module_preset=&#8220;default&#8220; global_colors_info=&#8220;{}&#8220;][\/et_pb_image][et_pb_divider show_divider=&#8220;off&#8220; _builder_version=&#8220;4.27.0&#8243; _module_preset=&#8220;default&#8220; global_colors_info=&#8220;{}&#8220;][\/et_pb_divider][et_pb_image src=&#8220;https:\/\/test.jeker.eu\/wp-content\/uploads\/2024\/08\/TBW_2.jpg&#8220; title_text=&#8220;TBW_2&#8243; _builder_version=&#8220;4.27.0&#8243; _module_preset=&#8220;default&#8220; global_colors_info=&#8220;{}&#8220;][\/et_pb_image][\/et_pb_column][et_pb_column type=&#8220;1_4&#8243; _builder_version=&#8220;4.27.0&#8243; _module_preset=&#8220;default&#8220; global_colors_info=&#8220;{}&#8220;][\/et_pb_column][et_pb_column type=&#8220;1_4&#8243; _builder_version=&#8220;4.27.0&#8243; _module_preset=&#8220;default&#8220; global_colors_info=&#8220;{}&#8220;][et_pb_text _builder_version=&#8220;4.27.0&#8243; _module_preset=&#8220;default&#8220; global_colors_info=&#8220;{}&#8220;]<\/p>\n<p>Abbau von Dominanzen des Verkehrs durch eine, den verkehrstauglichen Funktionen entsprechende Gestaltung des Strassenraumes.<br \/>Schaffen einer Identit\u00e4t von Verkehrsanlagen und Quartier. Ausgestaltung der Haltestellen als Identifikationsort.<br \/>Zur\u00fcckhaltende Gestaltung der Fahrbahn, daf\u00fcr Einf\u00fcgen von M\u00f6blierung, Beleuchtung und Leitungsmasten als raumbildende Ordnungselemente.<br \/>Es entstehen neue r\u00e4umliche Erlebnisschwerpunkte ohne Eingriffe in gebaute Strukturen.<\/p>\n<p>[\/et_pb_text][\/et_pb_column][\/et_pb_row][et_pb_row column_structure=&#8220;1_2,1_2&#8243; use_custom_gutter=&#8220;on&#8220; _builder_version=&#8220;4.27.0&#8243; _module_preset=&#8220;default&#8220; hover_enabled=&#8220;0&#8243; global_colors_info=&#8220;{}&#8220; sticky_enabled=&#8220;0&#8243;][et_pb_column type=&#8220;1_2&#8243; _builder_version=&#8220;4.27.0&#8243; _module_preset=&#8220;default&#8220; global_colors_info=&#8220;{}&#8220;][et_pb_image _builder_version=&#8220;4.27.0&#8243; _module_preset=&#8220;default&#8220; title_text=&#8220;TBW&#8220; src=&#8220;https:\/\/test.jeker.eu\/wp-content\/uploads\/2024\/08\/TBW-e1725613156325.jpg&#8220; hover_enabled=&#8220;0&#8243; sticky_enabled=&#8220;0&#8243;][\/et_pb_image][\/et_pb_column][et_pb_column type=&#8220;1_2&#8243; _builder_version=&#8220;4.27.0&#8243; _module_preset=&#8220;default&#8220; global_colors_info=&#8220;{}&#8220;][et_pb_image _builder_version=&#8220;4.27.0&#8243; _module_preset=&#8220;default&#8220; title_text=&#8220;TBW_5&#8243; src=&#8220;https:\/\/test.jeker.eu\/wp-content\/uploads\/2024\/08\/TBW_5-e1725613129103.jpg&#8220; hover_enabled=&#8220;0&#8243; sticky_enabled=&#8220;0&#8243;][\/et_pb_image][\/et_pb_column][\/et_pb_row][\/et_pb_section]<\/p>\n","protected":false},"excerpt":{"rendered":"<p>Tram Bern West, Wettbewerb 2001Abschnitt Bethlehem 1.RangAbschnitt B\u00fcmpliz 1.RangAusf\u00fchrung 2008-2010Tramprojekt und St\u00e4dtebau,Gestaltung im \u00f6ffentlichen RaumATU Prix 2012Abbau von Dominanzen des Verkehrs durch eine, den verkehrstauglichen Funktionen entsprechende Gestaltung des Strassenraumes.Schaffen einer Identit\u00e4t von Verkehrsanlagen und Quartier. Ausgestaltung der Haltestellen als Identifikationsort.Zur\u00fcckhaltende Gestaltung der Fahrbahn, daf\u00fcr Einf\u00fcgen von M\u00f6blierung, Beleuchtung und Leitungsmasten als raumbildende Ordnungselemente.Es entstehen [&hellip;]<\/p>\n","protected":false},"author":1,"featured_media":0,"parent":0,"menu_order":0,"comment_status":"closed","ping_status":"closed","template":"","meta":{"_et_pb_use_builder":"on","_et_pb_old_content":"","_et_gb_content_width":"","footnotes":""},"class_list":["post-97","page","type-page","status-publish","hentry"],"aioseo_notices":[],"_links":{"self":[{"href":"https:\/\/test.jeker.eu\/index.php\/wp-json\/wp\/v2\/pages\/97","targetHints":{"allow":["GET"]}}],"collection":[{"href":"https:\/\/test.jeker.eu\/index.php\/wp-json\/wp\/v2\/pages"}],"about":[{"href":"https:\/\/test.jeker.eu\/index.php\/wp-json\/wp\/v2\/types\/page"}],"author":[{"embeddable":true,"href":"https:\/\/test.jeker.eu\/index.php\/wp-json\/wp\/v2\/users\/1"}],"replies":[{"embeddable":true,"href":"https:\/\/test.jeker.eu\/index.php\/wp-json\/wp\/v2\/comments?post=97"}],"version-history":[{"count":7,"href":"https:\/\/test.jeker.eu\/index.php\/wp-json\/wp\/v2\/pages\/97\/revisions"}],"predecessor-version":[{"id":1084,"href":"https:\/\/test.jeker.eu\/index.php\/wp-json\/wp\/v2\/pages\/97\/revisions\/1084"}],"wp:attachment":[{"href":"https:\/\/test.jeker.eu\/index.php\/wp-json\/wp\/v2\/media?parent=97"}],"curies":[{"name":"wp","href":"https:\/\/api.w.org\/{rel}","templated":true}]}}